{"id":2861,"date":"2018-05-02T11:21:58","date_gmt":"2018-05-02T14:21:58","guid":{"rendered":"http:\/\/www.encontrasaobernardo.com.br\/sobre\/?page_id=2861"},"modified":"2018-05-02T11:22:05","modified_gmt":"2018-05-02T14:22:05","slug":"defensoria-publica-sao-bernardo","status":"publish","type":"page","link":"https:\/\/www.encontrasaobernardo.com.br\/sobre\/defensoria-publica-sao-bernardo\/","title":{"rendered":"Defensoria P\u00fablica S\u00e3o Bernardo"},"content":{"rendered":"<div class=\"b7a9cc72b38518383f4213f1240ff05a\" data-index=\"1\" style=\"float: none; margin:0px;\">\n<!-- Anuncio display - global -->\r\n<ins class=\"adsbygoogle\"\r\n     style=\"display:block\"\r\n     data-ad-client=\"ca-pub-8585364105181520\"\r\n     data-ad-slot=\"8789329856\"\r\n     data-ad-format=\"auto\"\r\n     data-full-width-responsive=\"true\"><\/ins>\r\n<script>\r\n     (adsbygoogle = window.adsbygoogle || []).push({});\r\n<\/script>\n<\/div>\n<p>A\u00a0<em>Defensoria P\u00fablica<\/em>\u00a0\u00e9 institui\u00e7\u00e3o constitucionalmente aut\u00f4noma e independente, essencial \u00e0 fun\u00e7\u00e3o jurisdicional do\u00a0<em>Estado<\/em>, express\u00e3o e instrumento do regime democr\u00e1tico incumbida, fundamentalmente, da orienta\u00e7\u00e3o jur\u00eddica, promo\u00e7\u00e3o dos direitos humanos e a defesa, em todos os graus, judicial e extrajudicial, dos direitos individuais e coletivos, de forma integral e gratuita, dos necessitados.<\/p>\n<p>Veja mais sobre a\u00a0<strong>Defensoria P\u00fablica S\u00e3o Bernardo<\/strong>\u00a0abaixo.<\/p>\n<p><img loading=\"lazy\" decoding=\"async\" class=\"alignnone wp-image-2862 size-full\" title=\"Defensoria P\u00fablica S\u00e3o Bernardo\" src=\"http:\/\/www.encontrasaobernardo.com.br\/sobre\/wp-content\/uploads\/2018\/05\/defensoria-publica-sao-bernardo.gif\" alt=\"Defensoria P\u00fablica S\u00e3o Bernardo\" width=\"680\" height=\"189\" \/><\/p>\n<h2>A Defensoria P\u00fablica:<\/h2>\n<p>A\u00a0<em>Defensoria P\u00fablica<\/em>\u00a0presta consultoria jur\u00eddica, ou seja, fornece informa\u00e7\u00f5es sobre os direitos e deveres das pessoas que recebem sua assist\u00eancia. \u00c9 com base na resposta \u00e0 consulta que o assistido pela\u00a0<em>Defensoria P\u00fablica<\/em>\u00a0pode decidir melhor como agir em rela\u00e7\u00e3o ao problema apresentado ao defensor p\u00fablico.<\/p>\n<p>O\u00a0<em>Defensor<\/em>\u00a0\u00e9 um agente pol\u00edtico de transforma\u00e7\u00e3o social. N\u00e3o integra a advocacia, p\u00fablica ou privada, e tem independ\u00eancia funcional no exerc\u00edcio de sua fun\u00e7\u00e3o.<\/p>\n<h3>Hor\u00e1rio de Funcionamento Defensoria P\u00fablica\u00a0S\u00e3o Bernardo<\/h3>\n<ul>\n<li>Segunda a Sexta das 7h \u00e0s 14h<\/li>\n<\/ul>\n<h3>Endere\u00e7o e Telefone Defensoria P\u00fablica de\u00a0S\u00e3o Bernardo<\/h3>\n<ul>\n<li>Av. Bar\u00e3o de Mau\u00e1, 251 &#8211; Centro &#8211; S\u00e3o Bernardo do Campo &#8211; SP<\/li>\n<li>Telefone: (11) 4332-9605<\/li>\n<\/ul>\n<h4>Mapa de localiza\u00e7\u00e3o:<\/h4>\n<a class=\"wp-colorbox-iframe\" href=\"https:\/\/www.google.com\/maps\/embed?pb=!1m14!1m8!1m3!1d14614.055894245299!2d-46.5603689!3d-23.693333!3m2!1i1024!2i768!4f13.1!3m3!1m2!1s0x00x33c0e8db2851d818!2sDefensoria+Pblica+de+So+Bernardo+do+Campo!5e0!3m2!1spt-BR!2sbr!4v1525270741016\"><img decoding=\"async\" src=\"http:\/\/www.encontrasaobernardo.com.br\/imgs\/maps-post.png\"><\/a>\n\n<div style=\"font-size: 0px; height: 0px; line-height: 0px; margin: 0; padding: 0; clear: both;\"><\/div>","protected":false},"excerpt":{"rendered":"<p>A\u00a0Defensoria P\u00fablica\u00a0\u00e9 institui\u00e7\u00e3o constitucionalmente aut\u00f4noma e independente, essencial \u00e0 fun\u00e7\u00e3o jurisdicional do\u00a0Estado, express\u00e3o e instrumento do regime democr\u00e1tico incumbida, fundamentalmente, da orienta\u00e7\u00e3o jur\u00eddica, promo\u00e7\u00e3o dos direitos humanos e a defesa, em todos os graus, judicial e extrajudicial, dos direitos individuais e coletivos, de forma integral e gratuita, dos necessitados. Veja mais sobre a\u00a0Defensoria P\u00fablica S\u00e3o Bernardo\u00a0abaixo. A Defensoria P\u00fablica: A\u00a0Defensoria P\u00fablica\u00a0presta consultoria jur\u00eddica, ou seja, fornece informa\u00e7\u00f5es sobre os direitos e deveres das pessoas que recebem sua assist\u00eancia. \u00c9 com base na resposta \u00e0 consulta que o assistido pela\u00a0Defensoria P\u00fablica\u00a0pode decidir melhor como agir em rela\u00e7\u00e3o ao problema apresentado ao <\/p>\n","protected":false},"author":1,"featured_media":0,"parent":0,"menu_order":0,"comment_status":"closed","ping_status":"closed","template":"","meta":{"footnotes":""},"class_list":["post-2861","page","type-page","status-publish","hentry"],"aioseo_notices":[],"_links":{"self":[{"href":"https:\/\/www.encontrasaobernardo.com.br\/sobre\/wp-json\/wp\/v2\/pages\/2861","targetHints":{"allow":["GET"]}}],"collection":[{"href":"https:\/\/www.encontrasaobernardo.com.br\/sobre\/wp-json\/wp\/v2\/pages"}],"about":[{"href":"https:\/\/www.encontrasaobernardo.com.br\/sobre\/wp-json\/wp\/v2\/types\/page"}],"author":[{"embeddable":true,"href":"https:\/\/www.encontrasaobernardo.com.br\/sobre\/wp-json\/wp\/v2\/users\/1"}],"replies":[{"embeddable":true,"href":"https:\/\/www.encontrasaobernardo.com.br\/sobre\/wp-json\/wp\/v2\/comments?post=2861"}],"version-history":[{"count":0,"href":"https:\/\/www.encontrasaobernardo.com.br\/sobre\/wp-json\/wp\/v2\/pages\/2861\/revisions"}],"wp:attachment":[{"href":"https:\/\/www.encontrasaobernardo.com.br\/sobre\/wp-json\/wp\/v2\/media?parent=2861"}],"curies":[{"name":"wp","href":"https:\/\/api.w.org\/{rel}","templated":true}]}}