{"id":2822,"date":"2018-04-24T10:52:16","date_gmt":"2018-04-24T13:52:16","guid":{"rendered":"http:\/\/www.encontrasaobernardo.com.br\/sobre\/?page_id=2822"},"modified":"2018-04-24T10:52:34","modified_gmt":"2018-04-24T13:52:34","slug":"fatec-sao-bernardo","status":"publish","type":"page","link":"https:\/\/www.encontrasaobernardo.com.br\/sobre\/fatec-sao-bernardo\/","title":{"rendered":"Fatec S\u00e3o Bernardo"},"content":{"rendered":"<div class=\"b7a9cc72b38518383f4213f1240ff05a\" data-index=\"1\" style=\"float: none; margin:0px;\">\n<!-- Anuncio display - global -->\r\n<ins class=\"adsbygoogle\"\r\n     style=\"display:block\"\r\n     data-ad-client=\"ca-pub-8585364105181520\"\r\n     data-ad-slot=\"8789329856\"\r\n     data-ad-format=\"auto\"\r\n     data-full-width-responsive=\"true\"><\/ins>\r\n<script>\r\n     (adsbygoogle = window.adsbygoogle || []).push({});\r\n<\/script>\n<\/div>\n<p>A<strong>\u00a0Fatec S\u00e3o Bernardo<\/strong>\u00a0\u00e9 uma institui\u00e7\u00e3o p\u00fablica de ensino superior administrada pelo Centro Paula Souza, autarquia vinculada \u00e0 Secretaria de Desenvolvimento Econ\u00f4mico, Ci\u00eancia, Tecnologia e Inova\u00e7\u00e3o do estado de S\u00e3o Paulo.<\/p>\n<p><img loading=\"lazy\" decoding=\"async\" class=\"alignnone wp-image-2823 size-full\" title=\"Fatec S\u00e3o Bernardo\" src=\"http:\/\/www.encontrasaobernardo.com.br\/sobre\/wp-content\/uploads\/2018\/04\/fatec-sao-bernardo.gif\" alt=\"Fatec S\u00e3o Bernardo\" width=\"680\" height=\"189\" \/><\/p>\n<p>A forma\u00e7\u00e3o oferecida pela Fatec tem como objetivo preparar os estudantes para a efetiva atua\u00e7\u00e3o nos diferentes setores existentes no mercado de trabalho, seja no com\u00e9rcio, seja em ind\u00fastrias, seja no setor de servi\u00e7os. Atividades, pr\u00e1ticas ou te\u00f3ricas, individuais ou em grupo, fazem parte do dia a dia de um aluno da Fatec.<\/p>\n<h2>Fatec\u00a0S\u00e3o Bernardo Cursos<\/h2>\n<p>S\u00e3o oferecidos em\u00a0S\u00e3o Bernardo dois<em>\u00a0cursos superiores gratuitos<\/em>\u00a0de tecnologia:<\/p>\n<ul>\n<li>Automa\u00e7\u00e3o Industrial,<\/li>\n<li>Inform\u00e1tica para Neg\u00f3cios<\/li>\n<\/ul>\n<p>Com aulas de segunda a s\u00e1bado, todos com dura\u00e7\u00e3o de 6 semestres.<\/p>\n<h3>Fatec\u00a0S\u00e3o Bernardo Vestibular<\/h3>\n<p>A Fatec S\u00e3o Bernardo realiza v\u00e1rios\u00a0vestibulares\u00a0ao longo do ano, para acompanhar as datas e se inscrever basta acessar o site da entidade.<\/p>\n<h3>Hor\u00e1rio de Funcionamento Fatec\u00a0em\u00a0S\u00e3o Bernardo<\/h3>\n<ul>\n<li>Secretaria Acad\u00eamica: Ter\u00e7a e Quarta: das 10h \u00e0s 12h \/ 14h \u00e0s 16h \/ das 18h \u00e0s 20h.<\/li>\n<\/ul>\n<h3>Endere\u00e7o e Telefone Fatec\u00a0em S\u00e3o Bernardo<\/h3>\n<ul>\n<li>Av. Pereira Barreto, 400 &#8211; Baeta Neves &#8211; S\u00e3o Bernardo do Campo &#8211; SP<\/li>\n<li>Telefone: (11) 4121-9008<\/li>\n<\/ul>\n<h4>Outras informa\u00e7\u00f5es e site<\/h4>\n<ul>\n<li>Mais informa\u00e7\u00f5es:\u00a0<a href=\"http:\/\/www.vestibularfatec.com.br\/home\/\" target=\"_blank\" rel=\"noopener noreferrer\">www.vestibularfatec.com.br<\/a><\/li>\n<\/ul>\n<h4>Mapa de localiza\u00e7\u00e3o<\/h4>\n<a class=\"wp-colorbox-iframe\" href=\"https:\/\/www.google.com\/maps\/embed?pb=!1m14!1m8!1m3!1d14613.773268996596!2d-46.5464383!3d-23.6958579!3m2!1i1024!2i768!4f13.1!3m3!1m2!1s0x00xbcd3a844c9a86f3!2sFaculdade+de+Tecnologia+de+So+Bernardo+do+Campo!5e0!3m2!1spt-BR!2sbr!4v1524577760329\"><img decoding=\"async\" src=\"http:\/\/www.encontrasaobernardo.com.br\/imgs\/maps-post.png\"><\/a>\n\n<div style=\"font-size: 0px; height: 0px; line-height: 0px; margin: 0; padding: 0; clear: both;\"><\/div>","protected":false},"excerpt":{"rendered":"<p>A\u00a0Fatec S\u00e3o Bernardo\u00a0\u00e9 uma institui\u00e7\u00e3o p\u00fablica de ensino superior administrada pelo Centro Paula Souza, autarquia vinculada \u00e0 Secretaria de Desenvolvimento Econ\u00f4mico, Ci\u00eancia, Tecnologia e Inova\u00e7\u00e3o do estado de S\u00e3o Paulo. A forma\u00e7\u00e3o oferecida pela Fatec tem como objetivo preparar os estudantes para a efetiva atua\u00e7\u00e3o nos diferentes setores existentes no mercado de trabalho, seja no com\u00e9rcio, seja em ind\u00fastrias, seja no setor de servi\u00e7os. Atividades, pr\u00e1ticas ou te\u00f3ricas, individuais ou em grupo, fazem parte do dia a dia de um aluno da Fatec. Fatec\u00a0S\u00e3o Bernardo Cursos S\u00e3o oferecidos em\u00a0S\u00e3o Bernardo dois\u00a0cursos superiores gratuitos\u00a0de tecnologia: Automa\u00e7\u00e3o Industrial, Inform\u00e1tica para Neg\u00f3cios Com <\/p>\n","protected":false},"author":1,"featured_media":0,"parent":0,"menu_order":0,"comment_status":"closed","ping_status":"closed","template":"","meta":{"footnotes":""},"class_list":["post-2822","page","type-page","status-publish","hentry"],"aioseo_notices":[],"_links":{"self":[{"href":"https:\/\/www.encontrasaobernardo.com.br\/sobre\/wp-json\/wp\/v2\/pages\/2822","targetHints":{"allow":["GET"]}}],"collection":[{"href":"https:\/\/www.encontrasaobernardo.com.br\/sobre\/wp-json\/wp\/v2\/pages"}],"about":[{"href":"https:\/\/www.encontrasaobernardo.com.br\/sobre\/wp-json\/wp\/v2\/types\/page"}],"author":[{"embeddable":true,"href":"https:\/\/www.encontrasaobernardo.com.br\/sobre\/wp-json\/wp\/v2\/users\/1"}],"replies":[{"embeddable":true,"href":"https:\/\/www.encontrasaobernardo.com.br\/sobre\/wp-json\/wp\/v2\/comments?post=2822"}],"version-history":[{"count":0,"href":"https:\/\/www.encontrasaobernardo.com.br\/sobre\/wp-json\/wp\/v2\/pages\/2822\/revisions"}],"wp:attachment":[{"href":"https:\/\/www.encontrasaobernardo.com.br\/sobre\/wp-json\/wp\/v2\/media?parent=2822"}],"curies":[{"name":"wp","href":"https:\/\/api.w.org\/{rel}","templated":true}]}}