{"id":2781,"date":"2018-04-19T09:22:44","date_gmt":"2018-04-19T12:22:44","guid":{"rendered":"http:\/\/www.encontrasaobernardo.com.br\/sobre\/?page_id=2781"},"modified":"2018-04-19T09:22:51","modified_gmt":"2018-04-19T12:22:51","slug":"santa-casa-sao-bernardo","status":"publish","type":"page","link":"https:\/\/www.encontrasaobernardo.com.br\/sobre\/santa-casa-sao-bernardo\/","title":{"rendered":"Santa Casa S\u00e3o Bernardo"},"content":{"rendered":"<div class=\"b7a9cc72b38518383f4213f1240ff05a\" data-index=\"1\" style=\"float: none; margin:0px;\">\n<!-- Anuncio display - global -->\r\n<ins class=\"adsbygoogle\"\r\n     style=\"display:block\"\r\n     data-ad-client=\"ca-pub-8585364105181520\"\r\n     data-ad-slot=\"8789329856\"\r\n     data-ad-format=\"auto\"\r\n     data-full-width-responsive=\"true\"><\/ins>\r\n<script>\r\n     (adsbygoogle = window.adsbygoogle || []).push({});\r\n<\/script>\n<\/div>\n<p>A<strong> Irmandade Santa Casa S\u00e3o Bernardo<\/strong>, institui\u00e7\u00e3o filantr\u00f3pica de direito privado, sem fins lucrativos, de utilidade p\u00fablica federal, estadual e municipal, foi fundada em 24\/05\/1968. Recebeu o t\u00edtulo de doa\u00e7\u00e3o definitiva do terreno em 1970. Sendo conclu\u00edda a constru\u00e7\u00e3o do primeiro pr\u00e9dio em meados de 1980 e iniciando as atividades ambulatoriais.<\/p>\n<p><img loading=\"lazy\" decoding=\"async\" class=\"alignnone wp-image-2782 size-full\" title=\"Santa Casa S\u00e3o Bernardo\" src=\"http:\/\/www.encontrasaobernardo.com.br\/sobre\/wp-content\/uploads\/2018\/04\/santa-casa-sao-bernardo.gif\" alt=\"Santa Casa S\u00e3o Bernardo\" width=\"680\" height=\"189\" \/><\/p>\n<p>Havendo um hiato na continuidade dos trabalhos pela Administra\u00e7\u00e3o da \u00e9poca. Em 1997 tomou posse nova Diretoria, que reabilitou a nova atividade da Santa Casa, reiniciando os atendimentos ambulatoriais em mar\u00e7o de 2000, em v\u00e1rias especialidades m\u00e9dicas. Em meados de 2005 reobteve o pr\u00e9dio em condi\u00e7\u00f5es prec\u00e1rias, dando in\u00edcio \u00e0s reformas. Atualmente a Santa Casa encontra-se em pleno funcionamento, atendendo as especialidades de Cardiologia, Clinica M\u00e9dica 24 Horas, Clinico Geral, Dermatologia, Gastroenterologia, Infectologia, Nefrologia, Odontologia, Oftalmologia, Ortopedia, Otorrinolaringologia, Ozonioterapia, Psiquiatria Infantil, Acupuntura, Fisioterapia, Nutri\u00e7\u00e3o, Ozonioterapia, Psicologia, RPG, Analise Clinicas, Anatomia Patol\u00f3gica, Anuscopia, Colonoscopia, Ecocardiograma, Eletrocardiograma, Endoscopia, Espirometria, Mamografia, Nasofibrolaringologia, Radiologia (RX), Resson\u00e2ncia Magn\u00e9tica, Retossigmoidoscopia, Teste Ergom\u00e9trico, Tomografia e Ultrassonografia. Neste pr\u00e9dio de 3.384,90m2, com dois pavimentos (t\u00e9rreo e superior), o qual, ap\u00f3s reformas, abriga o Hospital de Cl\u00ednicas, est\u00e3o instalados 63 leitos dos quais 42 j\u00e1 est\u00e3o em pleno funcionamento (Cl\u00ednica M\u00e9dica). O Centro Cir\u00fargico com 04 salas, a Unidade de Tratamento Intensivo (U.T.I.) com 09 leitos e a Unidade de Isolamento com press\u00e3o negativa com 02 leitos.<\/p>\n<h3>Hor\u00e1rio de Funcionamento\u00a0Santa Casa de Miseric\u00f3rdia\u00a0em\u00a0S\u00e3o Bernardo<\/h3>\n<ul>\n<li>Atendimento 24 horas<\/li>\n<\/ul>\n<h3>Endere\u00e7o e Telefone\u00a0Santa Casa de Miseric\u00f3rdia em\u00a0S\u00e3o Bernardo<\/h3>\n<ul>\n<li>Av. Robert Kennedy, 2900 &#8211; Assun\u00e7\u00e3o &#8211; S\u00e3o Bernardo do Campo &#8211; SP<\/li>\n<li>Telefone: (11) 4353-3300<\/li>\n<\/ul>\n<h3>Outras informa\u00e7\u00f5es e site<\/h3>\n<ul>\n<li>Mais informa\u00e7\u00f5es:\u00a0<a href=\"http:\/\/www.santacasasbc.org.br\/index.html\" target=\"_blank\" rel=\"noopener noreferrer\">www.santacasasbc.org.br<\/a><\/li>\n<\/ul>\n<h4>Mapa de localiza\u00e7\u00e3o<\/h4>\n<a class=\"wp-colorbox-iframe\" href=\"https:\/\/www.google.com\/maps\/embed?pb=!1m14!1m8!1m3!1d14611.545257721946!2d-46.5744694!3d-23.7157535!3m2!1i1024!2i768!4f13.1!3m3!1m2!1s0x00xe7fab16e5d2b267a!2sSanta+Casa+So+Bernardo+do+Campo!5e0!3m2!1spt-BR!2sbr!4v1524140402410\"><img decoding=\"async\" src=\"http:\/\/www.encontrasaobernardo.com.br\/imgs\/maps-post.png\"><\/a>\n\n<div style=\"font-size: 0px; height: 0px; line-height: 0px; margin: 0; padding: 0; clear: both;\"><\/div>","protected":false},"excerpt":{"rendered":"<p>A Irmandade Santa Casa S\u00e3o Bernardo, institui\u00e7\u00e3o filantr\u00f3pica de direito privado, sem fins lucrativos, de utilidade p\u00fablica federal, estadual e municipal, foi fundada em 24\/05\/1968. Recebeu o t\u00edtulo de doa\u00e7\u00e3o definitiva do terreno em 1970. Sendo conclu\u00edda a constru\u00e7\u00e3o do primeiro pr\u00e9dio em meados de 1980 e iniciando as atividades ambulatoriais. Havendo um hiato na continuidade dos trabalhos pela Administra\u00e7\u00e3o da \u00e9poca. Em 1997 tomou posse nova Diretoria, que reabilitou a nova atividade da Santa Casa, reiniciando os atendimentos ambulatoriais em mar\u00e7o de 2000, em v\u00e1rias especialidades m\u00e9dicas. Em meados de 2005 reobteve o pr\u00e9dio em condi\u00e7\u00f5es prec\u00e1rias, dando in\u00edcio <\/p>\n","protected":false},"author":1,"featured_media":0,"parent":0,"menu_order":0,"comment_status":"closed","ping_status":"closed","template":"","meta":{"footnotes":""},"class_list":["post-2781","page","type-page","status-publish","hentry"],"aioseo_notices":[],"_links":{"self":[{"href":"https:\/\/www.encontrasaobernardo.com.br\/sobre\/wp-json\/wp\/v2\/pages\/2781","targetHints":{"allow":["GET"]}}],"collection":[{"href":"https:\/\/www.encontrasaobernardo.com.br\/sobre\/wp-json\/wp\/v2\/pages"}],"about":[{"href":"https:\/\/www.encontrasaobernardo.com.br\/sobre\/wp-json\/wp\/v2\/types\/page"}],"author":[{"embeddable":true,"href":"https:\/\/www.encontrasaobernardo.com.br\/sobre\/wp-json\/wp\/v2\/users\/1"}],"replies":[{"embeddable":true,"href":"https:\/\/www.encontrasaobernardo.com.br\/sobre\/wp-json\/wp\/v2\/comments?post=2781"}],"version-history":[{"count":0,"href":"https:\/\/www.encontrasaobernardo.com.br\/sobre\/wp-json\/wp\/v2\/pages\/2781\/revisions"}],"wp:attachment":[{"href":"https:\/\/www.encontrasaobernardo.com.br\/sobre\/wp-json\/wp\/v2\/media?parent=2781"}],"curies":[{"name":"wp","href":"https:\/\/api.w.org\/{rel}","templated":true}]}}