{"id":2776,"date":"2018-04-19T08:53:11","date_gmt":"2018-04-19T11:53:11","guid":{"rendered":"http:\/\/www.encontrasaobernardo.com.br\/sobre\/?page_id=2776"},"modified":"2018-04-19T08:53:20","modified_gmt":"2018-04-19T11:53:20","slug":"cdp-sao-bernardo","status":"publish","type":"page","link":"https:\/\/www.encontrasaobernardo.com.br\/sobre\/cdp-sao-bernardo\/","title":{"rendered":"CDP S\u00e3o Bernardo"},"content":{"rendered":"<div class=\"b7a9cc72b38518383f4213f1240ff05a\" data-index=\"1\" style=\"float: none; margin:0px;\">\n<!-- Anuncio display - global -->\r\n<ins class=\"adsbygoogle\"\r\n     style=\"display:block\"\r\n     data-ad-client=\"ca-pub-8585364105181520\"\r\n     data-ad-slot=\"8789329856\"\r\n     data-ad-format=\"auto\"\r\n     data-full-width-responsive=\"true\"><\/ins>\r\n<script>\r\n     (adsbygoogle = window.adsbygoogle || []).push({});\r\n<\/script>\n<\/div>\n<p>O <strong>CDP S\u00e3o Bernardo<\/strong> \u00e9 a unidade prisional denominada Centro de Deten\u00e7\u00e3o Provis\u00f3ria de S\u00e3o Bernardo do Campo.<\/p>\n<p><img loading=\"lazy\" decoding=\"async\" class=\"alignnone wp-image-2777 size-full\" title=\"CDP S\u00e3o Bernardo\" src=\"http:\/\/www.encontrasaobernardo.com.br\/sobre\/wp-content\/uploads\/2018\/04\/cdp-sao-bernardo.gif\" alt=\"CDP S\u00e3o Bernardo\" width=\"680\" height=\"189\" \/><\/p>\n<h3>CDP\u00a0S\u00e3o Bernardo Lista de Jumbo<\/h3>\n<p><em>Lista de Jumbo<\/em>\u00a0\u00e9 uma lista que determina o que pode ou n\u00e3o ser levado ao<em>\u00a0CDP S\u00e3o Bernardo<\/em>, aquilo que \u00e9 permitido entrar de alimenta\u00e7\u00e3o e pertences \u00e9 conhecido como\u00a0<em>Jumbo<\/em>, confira a\u00a0<strong>Lista de Jumbo<\/strong>\u00a0no link abaixo:<\/p>\n<ul>\n<li><a href=\"https:\/\/www.jumbocdp.com.br\/produtos\/lista-do-jumbo-cdp-sao-bernardo-do-campo\" target=\"_blank\" rel=\"noopener noreferrer\">www.jumbocdp.com.br\/produtos\/lista-do-jumbo-cdp-sao-bernardo-do-campo<\/a><\/li>\n<\/ul>\n<h3>Endere\u00e7o e Telefone\u00a0CDP\u00a0S\u00e3o Bernardo<\/h3>\n<ul>\n<li>Estrada Yae Massumoto, 800 &#8211; Cooperativa &#8211; S\u00e3o Bernardo do Campo &#8211; SP<\/li>\n<li>Telefone: (11) 4392-8199<\/li>\n<\/ul>\n<h3>Mapa de Localiza\u00e7\u00e3o:<\/h3>\n<a class=\"wp-colorbox-iframe\" href=\"https:\/\/www.google.com\/maps\/embed?pb=!1m14!1m8!1m3!1d14610.221084273193!2d-46.6049457!3d-23.7275706!3m2!1i1024!2i768!4f13.1!3m3!1m2!1s0x00xaaf85daf40931e92!2sCDP+Dr.+Calixto+Antonio+de+So+Bernardo+do+Campo!5e0!3m2!1spt-BR!2sbr!4v1524138640251\"><img decoding=\"async\" src=\"http:\/\/www.encontrasaobernardo.com.br\/imgs\/maps-post.png\"><\/a>\n\n<div style=\"font-size: 0px; height: 0px; line-height: 0px; margin: 0; padding: 0; clear: both;\"><\/div>","protected":false},"excerpt":{"rendered":"<p>O CDP S\u00e3o Bernardo \u00e9 a unidade prisional denominada Centro de Deten\u00e7\u00e3o Provis\u00f3ria de S\u00e3o Bernardo do Campo. CDP\u00a0S\u00e3o Bernardo Lista de Jumbo Lista de Jumbo\u00a0\u00e9 uma lista que determina o que pode ou n\u00e3o ser levado ao\u00a0CDP S\u00e3o Bernardo, aquilo que \u00e9 permitido entrar de alimenta\u00e7\u00e3o e pertences \u00e9 conhecido como\u00a0Jumbo, confira a\u00a0Lista de Jumbo\u00a0no link abaixo: www.jumbocdp.com.br\/produtos\/lista-do-jumbo-cdp-sao-bernardo-do-campo Endere\u00e7o e Telefone\u00a0CDP\u00a0S\u00e3o Bernardo Estrada Yae Massumoto, 800 &#8211; Cooperativa &#8211; S\u00e3o Bernardo do Campo &#8211; SP Telefone: (11) 4392-8199 Mapa de Localiza\u00e7\u00e3o:<\/p>\n","protected":false},"author":1,"featured_media":0,"parent":0,"menu_order":0,"comment_status":"closed","ping_status":"closed","template":"","meta":{"footnotes":""},"class_list":["post-2776","page","type-page","status-publish","hentry"],"aioseo_notices":[],"_links":{"self":[{"href":"https:\/\/www.encontrasaobernardo.com.br\/sobre\/wp-json\/wp\/v2\/pages\/2776","targetHints":{"allow":["GET"]}}],"collection":[{"href":"https:\/\/www.encontrasaobernardo.com.br\/sobre\/wp-json\/wp\/v2\/pages"}],"about":[{"href":"https:\/\/www.encontrasaobernardo.com.br\/sobre\/wp-json\/wp\/v2\/types\/page"}],"author":[{"embeddable":true,"href":"https:\/\/www.encontrasaobernardo.com.br\/sobre\/wp-json\/wp\/v2\/users\/1"}],"replies":[{"embeddable":true,"href":"https:\/\/www.encontrasaobernardo.com.br\/sobre\/wp-json\/wp\/v2\/comments?post=2776"}],"version-history":[{"count":0,"href":"https:\/\/www.encontrasaobernardo.com.br\/sobre\/wp-json\/wp\/v2\/pages\/2776\/revisions"}],"wp:attachment":[{"href":"https:\/\/www.encontrasaobernardo.com.br\/sobre\/wp-json\/wp\/v2\/media?parent=2776"}],"curies":[{"name":"wp","href":"https:\/\/api.w.org\/{rel}","templated":true}]}}