{"id":2729,"date":"2018-04-03T11:39:09","date_gmt":"2018-04-03T14:39:09","guid":{"rendered":"http:\/\/www.encontrasaobernardo.com.br\/sobre\/?page_id=2729"},"modified":"2018-04-03T11:39:09","modified_gmt":"2018-04-03T14:39:09","slug":"diretoria-de-ensino-de-sao-bernardo","status":"publish","type":"page","link":"https:\/\/www.encontrasaobernardo.com.br\/sobre\/diretoria-de-ensino-de-sao-bernardo\/","title":{"rendered":"Diretoria de Ensino de S\u00e3o Bernardo"},"content":{"rendered":"<div class=\"b7a9cc72b38518383f4213f1240ff05a\" data-index=\"1\" style=\"float: none; margin:0px;\">\n<!-- Anuncio display - global -->\r\n<ins class=\"adsbygoogle\"\r\n     style=\"display:block\"\r\n     data-ad-client=\"ca-pub-8585364105181520\"\r\n     data-ad-slot=\"8789329856\"\r\n     data-ad-format=\"auto\"\r\n     data-full-width-responsive=\"true\"><\/ins>\r\n<script>\r\n     (adsbygoogle = window.adsbygoogle || []).push({});\r\n<\/script>\n<\/div>\n<p>Diretoria de Ensino \u00e9 o \u00f3rg\u00e3o que faz a ponte entre as escolas e as determina\u00e7\u00f5es da Secretaria Estadual de Educa\u00e7\u00e3o. Antigamente o \u00f3rg\u00e3o era Delegacias de Ensino, por\u00e9m de um tempo para c\u00e1 s\u00e3o denominados Diretorias Regionais.<\/p>\n<p>A regi\u00e3o conta com a\u00a0<strong>Diretoria de Ensino\u00a0S\u00e3o Bernardo\u00a0\u00a0<\/strong>pr\u00f3pria para atender os moradores e professores da regi\u00e3o.<\/p>\n<p><img loading=\"lazy\" decoding=\"async\" class=\"alignnone wp-image-2730 size-full\" title=\"Diretoria de Ensino de S\u00e3o Bernardo\" src=\"http:\/\/www.encontrasaobernardo.com.br\/sobre\/wp-content\/uploads\/2018\/04\/diretoria-de-ensino-sao-bernardo.gif\" alt=\"Diretoria de Ensino de S\u00e3o Bernardo\" width=\"680\" height=\"189\" \/><\/p>\n<p><strong>A Diretoria Regional de S\u00e3o Bernardo:<\/strong><\/p>\n<ul>\n<li>\n<div>coordena e supervisiona as atividades realizadas nas escolas estaduais;<\/div>\n<\/li>\n<li>\n<div>supervisiona, presta assist\u00eancia e fiscaliza as condi\u00e7\u00f5es de funcionamento das escolas municipais e particulares (de ensino infantil ao m\u00e9dio, inclusive ensino supletivo);<\/div>\n<\/li>\n<li>\n<div>assegura que os servi\u00e7os de assist\u00eancia ao aluno est\u00e3o funcionando;<\/div>\n<\/li>\n<li>\n<div>trata de assuntos relacionados aos professores (habilita\u00e7\u00e3o, transfer\u00eancia, etc.)<\/div>\n<\/li>\n<\/ul>\n<h2>Diretoria de Ensino\u00a0de\u00a0<strong>S\u00e3o Bernardo<\/strong> Atribui\u00e7\u00e3o de Aulas<\/h2>\n<p>No site da\u00a0<strong>Diretoria de Ensino de\u00a0S\u00e3o Bernardo<\/strong>\u00a0\u00e9 poss\u00edvel ter todas as informa\u00e7\u00f5es sobre\u00a0Atribui\u00e7\u00e3o de Aulas\u00a0em\u00a0S\u00e3o Bernardo. (confira o site abaixo).\u00a0 A Diretoria de Ensino de\u00a0S\u00e3o Bernardo\u00a0disponibiliza semanalmente o saldo de aulas em sua p\u00e1gina na internet.<\/p>\n<h3>Hor\u00e1rio de Funcionamento Diretoria de Ensino\u00a0em <strong>S\u00e3o Bernardo<\/strong><\/h3>\n<ul>\n<li>Segunda a Sexta: das 08h \u00e0s 17h<\/li>\n<\/ul>\n<h3>Endere\u00e7o e Telefone Diretoria de Ensino\u00a0em <strong>S\u00e3o Bernardo<\/strong><\/h3>\n<ul>\n<li>R. Princesa Maria da Gl\u00f3ria, 176 &#8211; Nova Petr\u00f3polis &#8211; S\u00e3o Bernardo do Campo &#8211; SP<\/li>\n<li>Telefone: (11) 4336-7480<\/li>\n<\/ul>\n<h4>Outras informa\u00e7\u00f5es e site<\/h4>\n<ul>\n<li>Mais informa\u00e7\u00f5es:\u00a0<a href=\"https:\/\/desaobernardo.educacao.sp.gov.br\/\" target=\"_blank\" rel=\"noopener noreferrer\">www.desaobernardo.educacao.sp.gov.br<\/a><\/li>\n<\/ul>\n<h4>Mapa de localiza\u00e7\u00e3o<\/h4>\n<a class=\"wp-colorbox-iframe\" href=\"https:\/\/www.google.com\/maps\/embed?pb=!1m14!1m8!1m3!1d14612.675575822044!2d-46.544683!3d-23.705662!3m2!1i1024!2i768!4f13.1!3m3!1m2!1s0x00xd589a02131f929d4!2sDiretoria+de+Ensino+de+So+Bernardo+do+Campo!5e0!3m2!1spt-BR!2sbr!4v1522758913277\"><img decoding=\"async\" src=\"http:\/\/www.encontrasaobernardo.com.br\/imgs\/maps-post.png\"><\/a>\n\n<div style=\"font-size: 0px; height: 0px; line-height: 0px; margin: 0; padding: 0; clear: both;\"><\/div>","protected":false},"excerpt":{"rendered":"<p>Diretoria de Ensino \u00e9 o \u00f3rg\u00e3o que faz a ponte entre as escolas e as determina\u00e7\u00f5es da Secretaria Estadual de Educa\u00e7\u00e3o. Antigamente o \u00f3rg\u00e3o era Delegacias de Ensino, por\u00e9m de um tempo para c\u00e1 s\u00e3o denominados Diretorias Regionais. A regi\u00e3o conta com a\u00a0Diretoria de Ensino\u00a0S\u00e3o Bernardo\u00a0\u00a0pr\u00f3pria para atender os moradores e professores da regi\u00e3o. A Diretoria Regional de S\u00e3o Bernardo: coordena e supervisiona as atividades realizadas nas escolas estaduais; supervisiona, presta assist\u00eancia e fiscaliza as condi\u00e7\u00f5es de funcionamento das escolas municipais e particulares (de ensino infantil ao m\u00e9dio, inclusive ensino supletivo); assegura que os servi\u00e7os de assist\u00eancia ao aluno est\u00e3o <\/p>\n","protected":false},"author":1,"featured_media":0,"parent":0,"menu_order":0,"comment_status":"closed","ping_status":"closed","template":"","meta":{"footnotes":""},"class_list":["post-2729","page","type-page","status-publish","hentry"],"aioseo_notices":[],"_links":{"self":[{"href":"https:\/\/www.encontrasaobernardo.com.br\/sobre\/wp-json\/wp\/v2\/pages\/2729","targetHints":{"allow":["GET"]}}],"collection":[{"href":"https:\/\/www.encontrasaobernardo.com.br\/sobre\/wp-json\/wp\/v2\/pages"}],"about":[{"href":"https:\/\/www.encontrasaobernardo.com.br\/sobre\/wp-json\/wp\/v2\/types\/page"}],"author":[{"embeddable":true,"href":"https:\/\/www.encontrasaobernardo.com.br\/sobre\/wp-json\/wp\/v2\/users\/1"}],"replies":[{"embeddable":true,"href":"https:\/\/www.encontrasaobernardo.com.br\/sobre\/wp-json\/wp\/v2\/comments?post=2729"}],"version-history":[{"count":0,"href":"https:\/\/www.encontrasaobernardo.com.br\/sobre\/wp-json\/wp\/v2\/pages\/2729\/revisions"}],"wp:attachment":[{"href":"https:\/\/www.encontrasaobernardo.com.br\/sobre\/wp-json\/wp\/v2\/media?parent=2729"}],"curies":[{"name":"wp","href":"https:\/\/api.w.org\/{rel}","templated":true}]}}