{"id":2717,"date":"2018-03-27T15:23:41","date_gmt":"2018-03-27T18:23:41","guid":{"rendered":"http:\/\/www.encontrasaobernardo.com.br\/sobre\/?page_id=2717"},"modified":"2018-03-27T15:23:59","modified_gmt":"2018-03-27T18:23:59","slug":"forum-sao-bernardo","status":"publish","type":"page","link":"https:\/\/www.encontrasaobernardo.com.br\/sobre\/forum-sao-bernardo\/","title":{"rendered":"F\u00f3rum S\u00e3o Bernardo"},"content":{"rendered":"<div class=\"b7a9cc72b38518383f4213f1240ff05a\" data-index=\"1\" style=\"float: none; margin:0px;\">\n<!-- Anuncio display - global -->\r\n<ins class=\"adsbygoogle\"\r\n     style=\"display:block\"\r\n     data-ad-client=\"ca-pub-8585364105181520\"\r\n     data-ad-slot=\"8789329856\"\r\n     data-ad-format=\"auto\"\r\n     data-full-width-responsive=\"true\"><\/ins>\r\n<script>\r\n     (adsbygoogle = window.adsbygoogle || []).push({});\r\n<\/script>\n<\/div>\n<p>Confira abaixo\u00a0informa\u00e7\u00f5es sobre\u00a0o\u00a0<strong>F\u00f3rum de S\u00e3o Bernardo<\/strong><em>.<\/em><\/p>\n<p><em>F\u00f3rum<\/em>\u00a0ou\u00a0<em>foro<\/em>\u00a0\u00e9 o nome dado ao edif\u00edcio em que est\u00e3o sediadas as instala\u00e7\u00f5es do\u00a0<em>Poder Judici\u00e1rio<\/em>, onde trabalham os magistrados ou onde funcionam os tribunais judiciais de determinada localidade.<\/p>\n<p><img loading=\"lazy\" decoding=\"async\" class=\"alignnone wp-image-2718 size-full\" title=\"F\u00f3rum S\u00e3o Bernardo\" src=\"http:\/\/www.encontrasaobernardo.com.br\/sobre\/wp-content\/uploads\/2018\/03\/forum-sao-bernardo.gif\" alt=\"F\u00f3rum S\u00e3o Bernardo\" width=\"680\" height=\"189\" \/><\/p>\n<h3>Hor\u00e1rio de Funcionamento F\u00f3rum de\u00a0S\u00e3o Bernardo<\/h3>\n<ul>\n<li>Segunda a sexta das 12h \u00e0s 19h<\/li>\n<\/ul>\n<h3>Endere\u00e7o e Telefone F\u00f3rum Regional de\u00a0S\u00e3o Bernardo<\/h3>\n<ul>\n<li>R. Vinte e Tr\u00eas de Maio, 107 &#8211; Vila Tereza &#8211; S\u00e3o Bernardo do Campo &#8211; SP<\/li>\n<li>Telefone: (11) 4330-1011<\/li>\n<\/ul>\n<h4>Outras informa\u00e7\u00f5es e Processos:<\/h4>\n<ul>\n<li>Mais informa\u00e7\u00f5es:\u00a0<a href=\"http:\/\/www.tjsp.jus.br\/\" target=\"_blank\" rel=\"noopener noreferrer\">www.tjsp.jus.br<\/a><\/li>\n<\/ul>\n<h4>Mapa de localiza\u00e7\u00e3o:<\/h4>\n<a class=\"wp-colorbox-iframe\" href=\"https:\/\/www.google.com\/maps\/embed?pb=!1m14!1m8!1m3!1d14615.934743772352!2d-46.5578994!3d-23.6765414!3m2!1i1024!2i768!4f13.1!3m3!1m2!1s0x00xf8d80389e450b1c2!2sFrum+Estadual!5e0!3m2!1spt-BR!2sbr!4v1522174870417\"><img decoding=\"async\" src=\"http:\/\/www.encontrasaobernardo.com.br\/imgs\/maps-post.png\"><\/a>\n\n<div style=\"font-size: 0px; height: 0px; line-height: 0px; margin: 0; padding: 0; clear: both;\"><\/div>","protected":false},"excerpt":{"rendered":"<p>Confira abaixo\u00a0informa\u00e7\u00f5es sobre\u00a0o\u00a0F\u00f3rum de S\u00e3o Bernardo. F\u00f3rum\u00a0ou\u00a0foro\u00a0\u00e9 o nome dado ao edif\u00edcio em que est\u00e3o sediadas as instala\u00e7\u00f5es do\u00a0Poder Judici\u00e1rio, onde trabalham os magistrados ou onde funcionam os tribunais judiciais de determinada localidade. Hor\u00e1rio de Funcionamento F\u00f3rum de\u00a0S\u00e3o Bernardo Segunda a sexta das 12h \u00e0s 19h Endere\u00e7o e Telefone F\u00f3rum Regional de\u00a0S\u00e3o Bernardo R. Vinte e Tr\u00eas de Maio, 107 &#8211; Vila Tereza &#8211; S\u00e3o Bernardo do Campo &#8211; SP Telefone: (11) 4330-1011 Outras informa\u00e7\u00f5es e Processos: Mais informa\u00e7\u00f5es:\u00a0www.tjsp.jus.br Mapa de localiza\u00e7\u00e3o:<\/p>\n","protected":false},"author":1,"featured_media":0,"parent":0,"menu_order":0,"comment_status":"closed","ping_status":"closed","template":"","meta":{"footnotes":""},"class_list":["post-2717","page","type-page","status-publish","hentry"],"aioseo_notices":[],"_links":{"self":[{"href":"https:\/\/www.encontrasaobernardo.com.br\/sobre\/wp-json\/wp\/v2\/pages\/2717","targetHints":{"allow":["GET"]}}],"collection":[{"href":"https:\/\/www.encontrasaobernardo.com.br\/sobre\/wp-json\/wp\/v2\/pages"}],"about":[{"href":"https:\/\/www.encontrasaobernardo.com.br\/sobre\/wp-json\/wp\/v2\/types\/page"}],"author":[{"embeddable":true,"href":"https:\/\/www.encontrasaobernardo.com.br\/sobre\/wp-json\/wp\/v2\/users\/1"}],"replies":[{"embeddable":true,"href":"https:\/\/www.encontrasaobernardo.com.br\/sobre\/wp-json\/wp\/v2\/comments?post=2717"}],"version-history":[{"count":0,"href":"https:\/\/www.encontrasaobernardo.com.br\/sobre\/wp-json\/wp\/v2\/pages\/2717\/revisions"}],"wp:attachment":[{"href":"https:\/\/www.encontrasaobernardo.com.br\/sobre\/wp-json\/wp\/v2\/media?parent=2717"}],"curies":[{"name":"wp","href":"https:\/\/api.w.org\/{rel}","templated":true}]}}