{"id":2713,"date":"2018-03-27T15:12:18","date_gmt":"2018-03-27T18:12:18","guid":{"rendered":"http:\/\/www.encontrasaobernardo.com.br\/sobre\/?page_id=2713"},"modified":"2018-03-27T15:12:38","modified_gmt":"2018-03-27T18:12:38","slug":"inss-sao-bernardo","status":"publish","type":"page","link":"https:\/\/www.encontrasaobernardo.com.br\/sobre\/inss-sao-bernardo\/","title":{"rendered":"INSS S\u00e3o Bernardo"},"content":{"rendered":"<div class=\"b7a9cc72b38518383f4213f1240ff05a\" data-index=\"1\" style=\"float: none; margin:0px;\">\n<!-- Anuncio display - global -->\r\n<ins class=\"adsbygoogle\"\r\n     style=\"display:block\"\r\n     data-ad-client=\"ca-pub-8585364105181520\"\r\n     data-ad-slot=\"8789329856\"\r\n     data-ad-format=\"auto\"\r\n     data-full-width-responsive=\"true\"><\/ins>\r\n<script>\r\n     (adsbygoogle = window.adsbygoogle || []).push({});\r\n<\/script>\n<\/div>\n<p>Atualmente, o\u00a0<strong>Posto INSS em S\u00e3o Bernardo<\/strong>\u00a0\u00e9 respons\u00e1vel pelo pagamento de 180 mil benef\u00edcios.<\/p>\n<p>Com a informatiza\u00e7\u00e3o, os segurados ter\u00e3o que esperar menos tempo para serem atendidos e poder\u00e3o ter o benef\u00edcio concedido no mesmo dia do requerimento.<\/p>\n<p><img loading=\"lazy\" decoding=\"async\" class=\"alignnone wp-image-64178 size-full\" title=\"INSS S\u00e3o Bernardo\" src=\"http:\/\/www.encontrapinheiros.com.br\/pinheiros\/wp-content\/uploads\/2017\/05\/posto-inss-pinheiros.jpg\" sizes=\"auto, (max-width: 496px) 100vw, 496px\" srcset=\"http:\/\/www.encontrapinheiros.com.br\/pinheiros\/wp-content\/uploads\/2017\/05\/posto-inss-pinheiros.jpg 496w, http:\/\/www.encontrapinheiros.com.br\/pinheiros\/wp-content\/uploads\/2017\/05\/posto-inss-pinheiros-300x114.jpg 300w\" alt=\"INSS S\u00e3o Bernardo\" width=\"496\" height=\"189\" \/><\/p>\n<p>Se apresentar a documenta\u00e7\u00e3o completa, o benefici\u00e1rio recebe a carta de concess\u00e3o na hora, informando a data e o banco em que estar\u00e1 dispon\u00edvel seu pagamento.<\/p>\n<p>As ag\u00eancias de atendimento s\u00e3o unidades fixas, espalhadas por todo o\u00a0<em>Brasil<\/em>, totalizando mais de 1500 pontos de atendimento. Elas s\u00e3o respons\u00e1veis por fazer todo tipo de atendimento disponibilizado \u00e0 popula\u00e7\u00e3o.<\/p>\n<h3>Hor\u00e1rio de Atendimento Posto INSS\u00a0S\u00e3o Bernardo<\/h3>\n<ul>\n<li>Segunda a sexta das 7h \u00e0s 17h<\/li>\n<\/ul>\n<h3>Endere\u00e7o e Telefone INSS em\u00a0S\u00e3o Bernardo<\/h3>\n<ul>\n<li>Av. Newton M. de Andrade, 140 &#8211; Centro &#8211; S\u00e3o Bernardo do Campo &#8211; SP<\/li>\n<li>Telefone: (11) 4125-7111<\/li>\n<\/ul>\n<h4>Outras informa\u00e7\u00f5es:<\/h4>\n<ul>\n<li>Mais informa\u00e7\u00f5es:\u00a0<a href=\"http:\/\/www.previdencia.gov.br\/\" target=\"_blank\" rel=\"noopener noreferrer\">www.previdencia.gov.br<\/a><\/li>\n<\/ul>\n<h4>Mapa de localiza\u00e7\u00e3o:<\/h4>\n<a class=\"wp-colorbox-iframe\" href=\"https:\/\/www.google.com\/maps\/embed?pb=!1m14!1m8!1m3!1d14612.843066040225!2d-46.5559183!3d-23.7041663!3m2!1i1024!2i768!4f13.1!3m3!1m2!1s0x00x899daba6e0a68460!2sPrevidncia+Social!5e0!3m2!1spt-BR!2sbr!4v1522174288445\"><img decoding=\"async\" src=\"http:\/\/www.encontrasaobernardo.com.br\/imgs\/maps-post.png\"><\/a>\n\n<div style=\"font-size: 0px; height: 0px; line-height: 0px; margin: 0; padding: 0; clear: both;\"><\/div>","protected":false},"excerpt":{"rendered":"<p>Atualmente, o\u00a0Posto INSS em S\u00e3o Bernardo\u00a0\u00e9 respons\u00e1vel pelo pagamento de 180 mil benef\u00edcios. Com a informatiza\u00e7\u00e3o, os segurados ter\u00e3o que esperar menos tempo para serem atendidos e poder\u00e3o ter o benef\u00edcio concedido no mesmo dia do requerimento. Se apresentar a documenta\u00e7\u00e3o completa, o benefici\u00e1rio recebe a carta de concess\u00e3o na hora, informando a data e o banco em que estar\u00e1 dispon\u00edvel seu pagamento. As ag\u00eancias de atendimento s\u00e3o unidades fixas, espalhadas por todo o\u00a0Brasil, totalizando mais de 1500 pontos de atendimento. Elas s\u00e3o respons\u00e1veis por fazer todo tipo de atendimento disponibilizado \u00e0 popula\u00e7\u00e3o. Hor\u00e1rio de Atendimento Posto INSS\u00a0S\u00e3o Bernardo Segunda <\/p>\n","protected":false},"author":1,"featured_media":0,"parent":0,"menu_order":0,"comment_status":"closed","ping_status":"closed","template":"","meta":{"footnotes":""},"class_list":["post-2713","page","type-page","status-publish","hentry"],"aioseo_notices":[],"_links":{"self":[{"href":"https:\/\/www.encontrasaobernardo.com.br\/sobre\/wp-json\/wp\/v2\/pages\/2713","targetHints":{"allow":["GET"]}}],"collection":[{"href":"https:\/\/www.encontrasaobernardo.com.br\/sobre\/wp-json\/wp\/v2\/pages"}],"about":[{"href":"https:\/\/www.encontrasaobernardo.com.br\/sobre\/wp-json\/wp\/v2\/types\/page"}],"author":[{"embeddable":true,"href":"https:\/\/www.encontrasaobernardo.com.br\/sobre\/wp-json\/wp\/v2\/users\/1"}],"replies":[{"embeddable":true,"href":"https:\/\/www.encontrasaobernardo.com.br\/sobre\/wp-json\/wp\/v2\/comments?post=2713"}],"version-history":[{"count":0,"href":"https:\/\/www.encontrasaobernardo.com.br\/sobre\/wp-json\/wp\/v2\/pages\/2713\/revisions"}],"wp:attachment":[{"href":"https:\/\/www.encontrasaobernardo.com.br\/sobre\/wp-json\/wp\/v2\/media?parent=2713"}],"curies":[{"name":"wp","href":"https:\/\/api.w.org\/{rel}","templated":true}]}}