{"id":2704,"date":"2018-03-27T10:16:20","date_gmt":"2018-03-27T13:16:20","guid":{"rendered":"http:\/\/www.encontrasaobernardo.com.br\/sobre\/?page_id=2704"},"modified":"2018-03-27T10:17:21","modified_gmt":"2018-03-27T13:17:21","slug":"ufabc-sao-bernardo","status":"publish","type":"page","link":"https:\/\/www.encontrasaobernardo.com.br\/sobre\/ufabc-sao-bernardo\/","title":{"rendered":"UFABC S\u00e3o Bernardo"},"content":{"rendered":"<div class=\"b7a9cc72b38518383f4213f1240ff05a\" data-index=\"1\" style=\"float: none; margin:0px;\">\n<!-- Anuncio display - global -->\r\n<ins class=\"adsbygoogle\"\r\n     style=\"display:block\"\r\n     data-ad-client=\"ca-pub-8585364105181520\"\r\n     data-ad-slot=\"8789329856\"\r\n     data-ad-format=\"auto\"\r\n     data-full-width-responsive=\"true\"><\/ins>\r\n<script>\r\n     (adsbygoogle = window.adsbygoogle || []).push({});\r\n<\/script>\n<\/div>\n<p>A\u00a0Universidade Federal do ABC\u00a0(<strong>UFABC S\u00e3o Bernardo<\/strong>) come\u00e7ou do zero e, por conseq\u00fc\u00eancia, com infinitas possibilidades de construir um novo modelo de ensino superior. Esse degrau de liberdade permitiu ao comit\u00ea encarregado de propor a estrutura desta universidade criar um plano acad\u00eamico completamente novo, livre de amarras internas e de restri\u00e7\u00f5es externas.<\/p>\n<p><img loading=\"lazy\" decoding=\"async\" class=\"alignnone wp-image-2705 size-full\" title=\"UFABC S\u00e3o Bernardo\" src=\"http:\/\/www.encontrasaobernardo.com.br\/sobre\/wp-content\/uploads\/2018\/03\/ufabc-sao-bernardo.gif\" alt=\"UFABC S\u00e3o Bernardo\" width=\"680\" height=\"189\" \/><\/p>\n<p>Essa oportunidade n\u00e3o significa fazer algo novo apenas por ser novo, mas encampar o extraordin\u00e1rio progresso da ci\u00eancia e da tecnologia, alcan\u00e7ado ao longo do \u00faltimo s\u00e9culo. Afastados do sistema educacional universit\u00e1rio tradicional, os alunos s\u00e3o encorajados a se tornarem respons\u00e1veis por suas pr\u00f3prias vidas em vez de apenas escutarem o que devem fazer.<\/p>\n<p>H\u00e1 na UFABC o comprometimento de se preservar a id\u00e9ia de liberdade para a explora\u00e7\u00e3o de novos caminhos em todas as atividades acad\u00eamicas. O preceito que rege essa nova proposta \u00e9 de que as universidades devem estar comprometidas com a evolu\u00e7\u00e3o do esp\u00edrito, em vez de suprir as necessidades materiais de consumidores.<\/p>\n<p>Trata-se de uma institui\u00e7\u00e3o fundada para explorar novas possibilidades, tanto na pesquisa quanto na educa\u00e7\u00e3o. N\u00e3o h\u00e1 a diretriz de ser um centro de aplica\u00e7\u00e3o encarregado apenas de testar e complementar avan\u00e7os cient\u00edficos reais, concebidos em outras institui\u00e7\u00f5es.<\/p>\n<p>A UFABC promove o conhecimento racional prim\u00e1rio e, apesar do foco sobre o avan\u00e7o da ci\u00eancia e tecnologia &#8211; elegendo pesquisas como o instrumento principal para alcan\u00e7ar objetivos -, estimula um sistema educacional que encoraja o corpo discente a fazer suas pr\u00f3prias escolhas, a assumir riscos e aceitar desafios.<\/p>\n<p>O compromisso principal com a sociedade \u00e9 recuperar a aprecia\u00e7\u00e3o pelo conhecimento cient\u00edfico e revelar a beleza inerente aos mist\u00e9rios da natureza, ocultos em um objeto matem\u00e1tico. A pretens\u00e3o dessa iniciativa \u00e9 demonstrar que conhecimento n\u00e3o deve ser vinculado apenas a demandas sazonais de mercado, mas, acima de tudo, \u00e0 evolu\u00e7\u00e3o e ilumina\u00e7\u00e3o do esp\u00edrito humano.<\/p>\n<h2>UFABC\u00a0S\u00e3o Bernardo Cursos<\/h2>\n<p>A UFABC campus S\u00e3o Bernardo conta com os seguintes cursos:<\/p>\n<ul>\n<li>Ci\u00eancias Econ\u00f4micas<\/li>\n<li>Filosofia<\/li>\n<li>Planejamento Territorial<\/li>\n<li>Pol\u00edticas P\u00fablicas<\/li>\n<li>Rela\u00e7\u00f5es Internacionais<\/li>\n<\/ul>\n<h3>Hor\u00e1rio de Funcionamento\u00a0UFABC em S\u00e3o Bernardo<\/h3>\n<ul>\n<li>Segunda a Sexta das 08h \u00e0s 19h30<\/li>\n<\/ul>\n<h3>Endere\u00e7o e Telefone\u00a0UFABC em S\u00e3o Bernardo<\/h3>\n<ul>\n<li>Alameda da Universidade, s\/n &#8211; Anchieta &#8211; S\u00e3o Bernardo do Campo &#8211; SP<\/li>\n<li>Telefone: (11) 2320-6120<\/li>\n<\/ul>\n<h4>Outras informa\u00e7\u00f5es e site<\/h4>\n<ul>\n<li>Mais informa\u00e7\u00f5es:\u00a0<a href=\"http:\/\/www.ufabc.edu.br\/\" target=\"_blank\" rel=\"noopener noreferrer\">www.ufabc.edu.br<\/a><\/li>\n<\/ul>\n<h4>Mapa de localiza\u00e7\u00e3o<\/h4>\n<a class=\"wp-colorbox-iframe\" href=\"https:\/\/www.google.com\/maps\/embed?pb=!1m18!1m12!1m3!1d3653.909847107476!2d-46.564140885020066!3d-23.679181784624483!2m3!1f0!2f0!3f0!3m2!1i1024!2i768!4f13.1!3m3!1m2!1s0x94ce43a947d7b9e70x4ebbd2268409259d!2sAlameda+da+Universidade+-+Anchieta+So+Bernardo+do+Campo+-+SP!5e0!3m2!1spt-BR!2sbr!4v1522156395809\"><img decoding=\"async\" src=\"http:\/\/www.encontrasaobernardo.com.br\/imgs\/maps-post.png\"><\/a>\n\n<div style=\"font-size: 0px; height: 0px; line-height: 0px; margin: 0; padding: 0; clear: both;\"><\/div>","protected":false},"excerpt":{"rendered":"<p>A\u00a0Universidade Federal do ABC\u00a0(UFABC S\u00e3o Bernardo) come\u00e7ou do zero e, por conseq\u00fc\u00eancia, com infinitas possibilidades de construir um novo modelo de ensino superior. Esse degrau de liberdade permitiu ao comit\u00ea encarregado de propor a estrutura desta universidade criar um plano acad\u00eamico completamente novo, livre de amarras internas e de restri\u00e7\u00f5es externas. Essa oportunidade n\u00e3o significa fazer algo novo apenas por ser novo, mas encampar o extraordin\u00e1rio progresso da ci\u00eancia e da tecnologia, alcan\u00e7ado ao longo do \u00faltimo s\u00e9culo. Afastados do sistema educacional universit\u00e1rio tradicional, os alunos s\u00e3o encorajados a se tornarem respons\u00e1veis por suas pr\u00f3prias vidas em vez de apenas <\/p>\n","protected":false},"author":1,"featured_media":0,"parent":0,"menu_order":0,"comment_status":"closed","ping_status":"closed","template":"","meta":{"footnotes":""},"class_list":["post-2704","page","type-page","status-publish","hentry"],"aioseo_notices":[],"_links":{"self":[{"href":"https:\/\/www.encontrasaobernardo.com.br\/sobre\/wp-json\/wp\/v2\/pages\/2704","targetHints":{"allow":["GET"]}}],"collection":[{"href":"https:\/\/www.encontrasaobernardo.com.br\/sobre\/wp-json\/wp\/v2\/pages"}],"about":[{"href":"https:\/\/www.encontrasaobernardo.com.br\/sobre\/wp-json\/wp\/v2\/types\/page"}],"author":[{"embeddable":true,"href":"https:\/\/www.encontrasaobernardo.com.br\/sobre\/wp-json\/wp\/v2\/users\/1"}],"replies":[{"embeddable":true,"href":"https:\/\/www.encontrasaobernardo.com.br\/sobre\/wp-json\/wp\/v2\/comments?post=2704"}],"version-history":[{"count":0,"href":"https:\/\/www.encontrasaobernardo.com.br\/sobre\/wp-json\/wp\/v2\/pages\/2704\/revisions"}],"wp:attachment":[{"href":"https:\/\/www.encontrasaobernardo.com.br\/sobre\/wp-json\/wp\/v2\/media?parent=2704"}],"curies":[{"name":"wp","href":"https:\/\/api.w.org\/{rel}","templated":true}]}}