{"id":2685,"date":"2018-03-21T13:11:41","date_gmt":"2018-03-21T16:11:41","guid":{"rendered":"http:\/\/www.encontrasaobernardo.com.br\/sobre\/?page_id=2685"},"modified":"2018-03-21T13:12:34","modified_gmt":"2018-03-21T16:12:34","slug":"rodoviaria-sao-bernardo","status":"publish","type":"page","link":"https:\/\/www.encontrasaobernardo.com.br\/sobre\/rodoviaria-sao-bernardo\/","title":{"rendered":"Rodovi\u00e1ria S\u00e3o Bernardo"},"content":{"rendered":"<div class=\"b7a9cc72b38518383f4213f1240ff05a\" data-index=\"1\" style=\"float: none; margin:0px;\">\n<!-- Anuncio display - global -->\r\n<ins class=\"adsbygoogle\"\r\n     style=\"display:block\"\r\n     data-ad-client=\"ca-pub-8585364105181520\"\r\n     data-ad-slot=\"8789329856\"\r\n     data-ad-format=\"auto\"\r\n     data-full-width-responsive=\"true\"><\/ins>\r\n<script>\r\n     (adsbygoogle = window.adsbygoogle || []).push({});\r\n<\/script>\n<\/div>\n<p>A rodovi\u00e1ria de\u00a0<strong>S\u00e3o Bernardo<\/strong>\u00a0do Campo foi criada em 2000 para atender o fluxo da cidade que \u00e9 considerada uma das regi\u00f5es mais desenvolvidas do Estado de S\u00e3o Paulo. Moderno e com uma infraestrutura completa, o espa\u00e7o de 9500 m\u00b2 tem capacidade para receber mais de 30 mil pessoas por dia. Isso coloca o terminal entre os quatro maiores do Estado em rela\u00e7\u00e3o ao volume de atendimento de clientes.<\/p>\n<p><img loading=\"lazy\" decoding=\"async\" class=\"alignnone wp-image-2686 size-full\" title=\"Rodovi\u00e1ria S\u00e3o Bernardo\" src=\"http:\/\/www.encontrasaobernardo.com.br\/sobre\/wp-content\/uploads\/2018\/03\/rodoviaria-sao-bernardo.gif\" alt=\"Rodovi\u00e1ria S\u00e3o Bernardo\" width=\"680\" height=\"189\" \/><\/p>\n<p>Conhecido tamb\u00e9m como Terminal Rodovi\u00e1rio Jo\u00e3o Setti, o local conta com quatro plataformas, com capacidade para receber 16 \u00f4nibus simultaneamente, 22 bilheterias, elevadores, guarda-volumes, sanit\u00e1rios, lojas, caf\u00e9, lanchonetes, revistaria, casa lot\u00e9rica, caixas eletr\u00f4nicos e estacionamento com quase 200 vagas.<\/p>\n<p>Localizado no centro da cidade, a rodovi\u00e1ria de S\u00e3o Bernardo do Campo abrange todo o grande ABCD e Baixada Santista, acesso facilitado devido \u00e0 integra\u00e7\u00e3o com o sistema metropolitano de tr\u00f3lebus e sua proximidade com a Via Anchieta.<\/p>\n<p>No cora\u00e7\u00e3o do maior parque industrial da Am\u00e9rica Latina, representado pelo Grande ABC, a cidade de S\u00e3o Bernardo do Campo tem PIB superior a alguns estados do pa\u00eds, fazendo do turismo de neg\u00f3cios a primeira atividade tur\u00edstica imediatamente associada com a cidade. \u00c9 tamb\u00e9m conhecida como a capital do autom\u00f3vel e da ind\u00fastria, abrigando diversas multinacionais que movimentam n\u00e3o s\u00f3 o turismo, como a economia local. Al\u00e9m disso, o munic\u00edpio possui um dos maiores espelhos d\u2019\u00e1gua do pa\u00eds e o maior reservat\u00f3rio artificial da Am\u00e9rica Latina: a Represa Billings.<\/p>\n<h2>Rodovi\u00e1ria de S\u00e3o Bernardo Cometa<\/h2>\n<p>A\u00a0Via\u00e7\u00e3o Cometa S.A.\u00a0\u00e9 uma das empresas de \u00f4nibus rodovi\u00e1rios mais tradicionais do Brasil. Por d\u00e9cadas, operou linhas na regi\u00e3o sudeste do Brasil, baseada num modelo norte-americano, inspirando-se na empresa Greyhound Lines. Suas linhas est\u00e3o baseadas de S\u00e3o Paulo para o interior do mesmo estado, al\u00e9m de linhas interestaduais para o Paran\u00e1, como j\u00e1 citado, Rio de Janeiro e Minas Gerais.\u00a0A linha mais tradicional, S\u00e3o Paulo-Rio de Janeiro, operada desde 1951, foi transferida em 2002 para a Expresso do Sul, uma empresa semi-coligada do novo grupo controlador da Cometa: Grupo JCA.<\/p>\n<p>A Via\u00e7\u00e3o Cometa tamb\u00e9m oferece viagens que chegam e partem direto da Rodovi\u00e1ria de S\u00e3o Bernardo.<\/p>\n<h3>Rodovi\u00e1ria de S\u00e3o Bernardo\u00a0Guarda Volumes<\/h3>\n<p>O <em>Guarda Volumes<\/em> funciona diariamente, das 6h \u00e0s 22h. Telefone para contato: (11) 4123-4555<\/p>\n<h3>Rodovi\u00e1ria de S\u00e3o Bernardo Hor\u00e1rio de \u00d4nibus e Previs\u00e3o de Chegada<\/h3>\n<p>Para\u00a0<em>consultar os hor\u00e1rios de \u00f4nibus e a previs\u00e3o de chegada das linhas<\/em>, acesse o site da empresa de \u00f4nibus que voc\u00ea pretende viajar. L\u00e1 \u00e9 poss\u00edvel fazer a consulta atualizada dos hor\u00e1rios, dura\u00e7\u00e3o da viagem e previs\u00e3o de chegada ao destino.<\/p>\n<h3>Hor\u00e1rio de Funcionamento Rodovi\u00e1ria em S\u00e3o Bernardo<\/h3>\n<ul>\n<li>Funcionamento 24 horas<\/li>\n<\/ul>\n<h3>Endere\u00e7o e Telefone Rodovi\u00e1ria de S\u00e3o Bernardo<\/h3>\n<ul>\n<li>R. Domingos Jo\u00e3o Balotim, 80 &#8211; Centro &#8211; S\u00e3o Bernardo do Campo &#8211; SP<\/li>\n<li>Telefone: (11)\u00a04124-7750<\/li>\n<\/ul>\n<h4>Mapa de localiza\u00e7\u00e3o<\/h4>\n<a class=\"wp-colorbox-iframe\" href=\"https:\/\/www.google.com\/maps\/embed?pb=!1m14!1m8!1m3!1d14613.473688162301!2d-46.553246!3d-23.698534!3m2!1i1024!2i768!4f13.1!3m3!1m2!1s0x00xbb9883125d42b493!2sRodoviria+Joo+Setti+Cidade+de+So+Bernardo!5e0!3m2!1spt-BR!2sbr!4v1521648427487\"><img decoding=\"async\" src=\"http:\/\/www.encontrasaobernardo.com.br\/imgs\/maps-post.png\"><\/a>\n\n<div style=\"font-size: 0px; height: 0px; line-height: 0px; margin: 0; padding: 0; clear: both;\"><\/div>","protected":false},"excerpt":{"rendered":"<p>A rodovi\u00e1ria de\u00a0S\u00e3o Bernardo\u00a0do Campo foi criada em 2000 para atender o fluxo da cidade que \u00e9 considerada uma das regi\u00f5es mais desenvolvidas do Estado de S\u00e3o Paulo. Moderno e com uma infraestrutura completa, o espa\u00e7o de 9500 m\u00b2 tem capacidade para receber mais de 30 mil pessoas por dia. Isso coloca o terminal entre os quatro maiores do Estado em rela\u00e7\u00e3o ao volume de atendimento de clientes. Conhecido tamb\u00e9m como Terminal Rodovi\u00e1rio Jo\u00e3o Setti, o local conta com quatro plataformas, com capacidade para receber 16 \u00f4nibus simultaneamente, 22 bilheterias, elevadores, guarda-volumes, sanit\u00e1rios, lojas, caf\u00e9, lanchonetes, revistaria, casa lot\u00e9rica, caixas <\/p>\n","protected":false},"author":1,"featured_media":0,"parent":0,"menu_order":0,"comment_status":"closed","ping_status":"closed","template":"","meta":{"footnotes":""},"class_list":["post-2685","page","type-page","status-publish","hentry"],"aioseo_notices":[],"_links":{"self":[{"href":"https:\/\/www.encontrasaobernardo.com.br\/sobre\/wp-json\/wp\/v2\/pages\/2685","targetHints":{"allow":["GET"]}}],"collection":[{"href":"https:\/\/www.encontrasaobernardo.com.br\/sobre\/wp-json\/wp\/v2\/pages"}],"about":[{"href":"https:\/\/www.encontrasaobernardo.com.br\/sobre\/wp-json\/wp\/v2\/types\/page"}],"author":[{"embeddable":true,"href":"https:\/\/www.encontrasaobernardo.com.br\/sobre\/wp-json\/wp\/v2\/users\/1"}],"replies":[{"embeddable":true,"href":"https:\/\/www.encontrasaobernardo.com.br\/sobre\/wp-json\/wp\/v2\/comments?post=2685"}],"version-history":[{"count":0,"href":"https:\/\/www.encontrasaobernardo.com.br\/sobre\/wp-json\/wp\/v2\/pages\/2685\/revisions"}],"wp:attachment":[{"href":"https:\/\/www.encontrasaobernardo.com.br\/sobre\/wp-json\/wp\/v2\/media?parent=2685"}],"curies":[{"name":"wp","href":"https:\/\/api.w.org\/{rel}","templated":true}]}}