{"id":2683,"date":"2018-03-21T12:59:32","date_gmt":"2018-03-21T15:59:32","guid":{"rendered":"http:\/\/www.encontrasaobernardo.com.br\/sobre\/?page_id=2683"},"modified":"2018-03-21T13:00:23","modified_gmt":"2018-03-21T16:00:23","slug":"senac-sao-bernardo","status":"publish","type":"page","link":"https:\/\/www.encontrasaobernardo.com.br\/sobre\/senac-sao-bernardo\/","title":{"rendered":"Senac S\u00e3o Bernardo"},"content":{"rendered":"<div class=\"b7a9cc72b38518383f4213f1240ff05a\" data-index=\"1\" style=\"float: none; margin:0px;\">\n<!-- Anuncio display - global -->\r\n<ins class=\"adsbygoogle\"\r\n     style=\"display:block\"\r\n     data-ad-client=\"ca-pub-8585364105181520\"\r\n     data-ad-slot=\"8789329856\"\r\n     data-ad-format=\"auto\"\r\n     data-full-width-responsive=\"true\"><\/ins>\r\n<script>\r\n     (adsbygoogle = window.adsbygoogle || []).push({});\r\n<\/script>\n<\/div>\n<p>Em 2016, o\u00a0<em>Senac<\/em>\u00a0completou 70 anos de atividades. Com tantas d\u00e9cadas de hist\u00f3ria, a organiza\u00e7\u00e3o permanece contempor\u00e2nea e reafirma sua capacidade de inova\u00e7\u00e3o e renova\u00e7\u00e3o, atributo que a evidencia.<\/p>\n<p>Hoje, o Senac est\u00e1 fisicamente presente em mais de 40 munic\u00edpios, com 60 unidades. Uma dessas unidades \u00e9 o\u00a0<strong>Senac S\u00e3o Bernardo<\/strong>, al\u00e9m de dois hot\u00e9is-escola e da\u00a0<em>Editora Senac S\u00e3o Paulo<\/em>.<\/p>\n<p><img loading=\"lazy\" decoding=\"async\" class=\"alignnone wp-image-3527 size-full\" title=\"Senac S\u00e3o Bernardo\" src=\"http:\/\/www.encontraosasco.com.br\/sobre\/wp-content\/uploads\/2017\/08\/senac-osasco.jpg\" sizes=\"auto, (max-width: 680px) 100vw, 680px\" srcset=\"http:\/\/www.encontraosasco.com.br\/sobre\/wp-content\/uploads\/2017\/08\/senac-osasco.jpg 680w, http:\/\/www.encontraosasco.com.br\/sobre\/wp-content\/uploads\/2017\/08\/senac-osasco-300x83.jpg 300w\" alt=\"Senac S\u00e3o Bernardo\" width=\"680\" height=\"189\" \/><\/p>\n<p>Como marca desse desempenho, o SENAC acompanha e abre caminhos para as tend\u00eancias do mundo do trabalho no com\u00e9rcio de bens, servi\u00e7os e turismo.<\/p>\n<p>Tudo come\u00e7ou em 10 de janeiro de 1946, quando o Conselho Nacional do Com\u00e9rcio recebeu autoriza\u00e7\u00e3o do Governo Federal para criar escolas em todo o pa\u00eds. O Senac S\u00e3o Paulo teve seu Conselho Regional eleito em 13 de julho daquele ano e foi o primeiro a iniciar os trabalhos.<\/p>\n<h2>Senac\u00a0S\u00e3o Bernardo Cursos<\/h2>\n<p>O Senac preparou mais de 40 milh\u00f5es de pessoas para o setor de Com\u00e9rcio e Servi\u00e7os, contribuindo para a valoriza\u00e7\u00e3o do trabalhador, por meio de sua capacita\u00e7\u00e3o profissional com uma vasta op\u00e7\u00e3o de cursos em doze \u00e1reas de forma\u00e7\u00e3o, incluindo cursos de idiomas.<\/p>\n<p>No Senac h\u00e1 tamb\u00e9m cursos para \u201cjovens aprendizes\u201d, entre idade de 14 e 24 anos (e sem limite de idade para portadores de defici\u00eancias), com a capacita\u00e7\u00e3o e desenvolvimento da qualifica\u00e7\u00e3o profissional dos jovens na entrada do mercado de trabalho.<\/p>\n<p>O Senac\u00a0S\u00e3o Bernardo oferece cursos de p\u00f3s gradua\u00e7\u00e3o, t\u00e9cnicos e livres. Para saber mais acesse o site oficial do Senac.<\/p>\n<h3>Senac\u00a0S\u00e3o Bernardo Cursos Gratuitos<\/h3>\n<p>Por meio do Programa Senac de Gratuidade (PSG) voc\u00ea tem acesso a diversos cursos a dist\u00e2ncia para ganhar novos conhecimentos e conquistar mais espa\u00e7o no mercado de trabalho. O PSG destina-se a pessoas com renda familiar mensal per capita que n\u00e3o ultrapasse 2 sal\u00e1rios m\u00ednimos federais.<\/p>\n<p>Antes de efetuar a inscri\u00e7\u00e3o, o candidato dever\u00e1 tomar conhecimento das informa\u00e7\u00f5es dispon\u00edveis na guia \u201cPr\u00e9-requisitos\u201d de cada curso e certificar-se de que atende a todos os crit\u00e9rios exigidos. As vagas est\u00e3o sujeitas \u00e0 disponibilidade nos estados.<\/p>\n<h3>Senac\u00a0S\u00e3o Bernardo Bolsas<\/h3>\n<p>Para se candidatar a uma bolsa de estudos no\u00a0<em>SENAC S\u00e3o Bernardo<\/em>\u00a0voc\u00ea precisa acessar o site, localizar e escolher um curso dispon\u00edvel e se cadastrar com um e-mail ativo para preencher o formul\u00e1rio de solicita\u00e7\u00e3o de bolsa.<\/p>\n<p>Para ter validade sua solicita\u00e7\u00e3o de\u00a0<em>Bolsa de Estudos<\/em>\u00a0no Senac voc\u00ea dever\u00e1 preencher alguns pr\u00e9 requisitos. N\u00e3o pode estar matriculado atualmente em nenhum curso do SENAC, n\u00e3o deve estar inscrito em outro processo de concess\u00e3o de bolsas do Senac e n\u00e3o pode ter abandonado um curso no SENAC nos \u00faltimos 24 meses.<\/p>\n<p>Do momento que as inscri\u00e7\u00f5es s\u00e3o abertas, at\u00e9 dois meses antes do in\u00edcio do curso, as vagas dispon\u00edveis para bolsistas ser\u00e3o preenchidas \u00e0 medida que os interessados realizam a inscri\u00e7\u00e3o, unicamente online, pelo Portal Senac. Por\u00e9m, a matr\u00edcula s\u00f3 estar\u00e1 garantida quando o candidato enviar por e-mail, pelos Correios ou apresentar pessoalmente no setor de atendimento da unidade onde o curso ser\u00e1 realizado os documentos necess\u00e1rios pelo prazo de cinco dias \u00fateis, contados da data da inscri\u00e7\u00e3o.<\/p>\n<p>Para os cursos t\u00e9cnicos, \u00e9 obrigat\u00f3ria a apresenta\u00e7\u00e3o presencial ou pelos Correios. J\u00e1 para os cursos livres, os documentos podem ser enviados digitalmente. \u00c9 importante verificar se o interessado atende todos os pr\u00e9-requisitos do curso escolhido.<\/p>\n<h3>Vagas Senac\u00a0S\u00e3o Bernardo \u2013 Trabalhe Conosco<\/h3>\n<p>Voc\u00ea pode se candidatar a uma vaga de trabalho no Senac Sorocaba acessando o Banco de Talentos da institui\u00e7\u00e3o. No pr\u00f3prio site \u00e9 poss\u00edvel consultar as vagas dispon\u00edveis, o per\u00edodo de inscri\u00e7\u00e3o e requisitos para preencher a vaga. Voc\u00ea poder\u00e1 se candidatar a vaga preenchendo o formul\u00e1rio pelo pr\u00f3prio site.<\/p>\n<h3>Hor\u00e1rio de Funcionamento Senac em\u00a0S\u00e3o Bernardo<\/h3>\n<ul>\n<li>2\u00aa a 6\u00aa feira: 8 \u00e0s 21 horas \/ S\u00e1bado: 8 \u00e0s 14 horas<\/li>\n<\/ul>\n<h3>Endere\u00e7o e Telefone Senac em\u00a0S\u00e3o Bernardo<\/h3>\n<ul>\n<li>Av. Senador Vergueiro, 400 &#8211; Centro &#8211; S\u00e3o Bernardo do Campo &#8211; SP<\/li>\n<li>Telefone: (11)\u00a0<span id=\"htmlBody\">4336-7900<\/span><\/li>\n<\/ul>\n<h4>Outras informa\u00e7\u00f5es e site<\/h4>\n<ul>\n<li>Mais informa\u00e7\u00f5es:\u00a0<a href=\"http:\/\/www.sp.senac.br\" target=\"_blank\" rel=\"noopener noreferrer\">www.sp.senac.br<\/a><\/li>\n<\/ul>\n<h4>Mapa de localiza\u00e7\u00e3o<\/h4>\n<a class=\"wp-colorbox-iframe\" href=\"https:\/\/www.google.com\/maps\/embed?pb=!1m14!1m8!1m3!1d14614.301759266937!2d-46.5518552!3d-23.6911363!3m2!1i1024!2i768!4f13.1!3m3!1m2!1s0x00x4e27c645fbd9afdc!2sSenac+So+Bernardo+do+Campo!5e0!3m2!1spt-BR!2sbr!4v1521647883246\"><img decoding=\"async\" src=\"http:\/\/www.encontrasaobernardo.com.br\/imgs\/maps-post.png\"><\/a>\n\n<div style=\"font-size: 0px; height: 0px; line-height: 0px; margin: 0; padding: 0; clear: both;\"><\/div>","protected":false},"excerpt":{"rendered":"<p>Em 2016, o\u00a0Senac\u00a0completou 70 anos de atividades. Com tantas d\u00e9cadas de hist\u00f3ria, a organiza\u00e7\u00e3o permanece contempor\u00e2nea e reafirma sua capacidade de inova\u00e7\u00e3o e renova\u00e7\u00e3o, atributo que a evidencia. Hoje, o Senac est\u00e1 fisicamente presente em mais de 40 munic\u00edpios, com 60 unidades. Uma dessas unidades \u00e9 o\u00a0Senac S\u00e3o Bernardo, al\u00e9m de dois hot\u00e9is-escola e da\u00a0Editora Senac S\u00e3o Paulo. Como marca desse desempenho, o SENAC acompanha e abre caminhos para as tend\u00eancias do mundo do trabalho no com\u00e9rcio de bens, servi\u00e7os e turismo. Tudo come\u00e7ou em 10 de janeiro de 1946, quando o Conselho Nacional do Com\u00e9rcio recebeu autoriza\u00e7\u00e3o do Governo <\/p>\n","protected":false},"author":1,"featured_media":0,"parent":0,"menu_order":0,"comment_status":"closed","ping_status":"closed","template":"","meta":{"footnotes":""},"class_list":["post-2683","page","type-page","status-publish","hentry"],"aioseo_notices":[],"_links":{"self":[{"href":"https:\/\/www.encontrasaobernardo.com.br\/sobre\/wp-json\/wp\/v2\/pages\/2683","targetHints":{"allow":["GET"]}}],"collection":[{"href":"https:\/\/www.encontrasaobernardo.com.br\/sobre\/wp-json\/wp\/v2\/pages"}],"about":[{"href":"https:\/\/www.encontrasaobernardo.com.br\/sobre\/wp-json\/wp\/v2\/types\/page"}],"author":[{"embeddable":true,"href":"https:\/\/www.encontrasaobernardo.com.br\/sobre\/wp-json\/wp\/v2\/users\/1"}],"replies":[{"embeddable":true,"href":"https:\/\/www.encontrasaobernardo.com.br\/sobre\/wp-json\/wp\/v2\/comments?post=2683"}],"version-history":[{"count":0,"href":"https:\/\/www.encontrasaobernardo.com.br\/sobre\/wp-json\/wp\/v2\/pages\/2683\/revisions"}],"wp:attachment":[{"href":"https:\/\/www.encontrasaobernardo.com.br\/sobre\/wp-json\/wp\/v2\/media?parent=2683"}],"curies":[{"name":"wp","href":"https:\/\/api.w.org\/{rel}","templated":true}]}}