{"id":2675,"date":"2018-03-21T12:27:47","date_gmt":"2018-03-21T15:27:47","guid":{"rendered":"http:\/\/www.encontrasaobernardo.com.br\/sobre\/?page_id=2675"},"modified":"2022-09-09T15:04:33","modified_gmt":"2022-09-09T18:04:33","slug":"prefeitura-sao-bernardo","status":"publish","type":"page","link":"https:\/\/www.encontrasaobernardo.com.br\/sobre\/prefeitura-sao-bernardo\/","title":{"rendered":"Prefeitura S\u00e3o Bernardo"},"content":{"rendered":"<div class=\"b7a9cc72b38518383f4213f1240ff05a\" data-index=\"1\" style=\"float: none; margin:0px;\">\n<!-- Anuncio display - global -->\r\n<ins class=\"adsbygoogle\"\r\n     style=\"display:block\"\r\n     data-ad-client=\"ca-pub-8585364105181520\"\r\n     data-ad-slot=\"8789329856\"\r\n     data-ad-format=\"auto\"\r\n     data-full-width-responsive=\"true\"><\/ins>\r\n<script>\r\n     (adsbygoogle = window.adsbygoogle || []).push({});\r\n<\/script>\n<\/div>\n<p>A\u00a0<strong>Prefeitura de S\u00e3o Bernardo<\/strong>\u00a0\u00e9 a sede do poder executivo do munic\u00edpio. A Prefeitura abriga secretarias da educa\u00e7\u00e3o, sa\u00fade, meio ambiente e v\u00e1rias outras.<\/p>\n<p>Na sede da Prefeitura de S\u00e3o Bernardo\u00a0, est\u00e3o instalados o Gabinete do prefeito e do vice-prefeito, al\u00e9m de secretarias e \u00f3rg\u00e3os. No local, o contribuinte tem acesso a servi\u00e7os como: Nota Fiscal Eletr\u00f4nica (Prefeitura de S\u00e3o Bernardo\u00a0); Declara\u00e7\u00e3o de Servi\u00e7o; Emiss\u00e3o da 2\u00aa via do IPTU da Prefeitura Municipal; Consulta de Processos; Di\u00e1rio Oficial; entre outros.<\/p>\n<p><img loading=\"lazy\" decoding=\"async\" class=\"alignnone wp-image-2676 size-full\" title=\"Prefeitura S\u00e3o Bernardo\" src=\"http:\/\/www.encontrasaobernardo.com.br\/sobre\/wp-content\/uploads\/2018\/03\/prefeitura-sao-bernardo.gif\" alt=\"Prefeitura S\u00e3o Bernardo\" width=\"680\" height=\"189\" \/><\/p>\n<h2>Concursos Prefeitura de\u00a0S\u00e3o Bernardo<\/h2>\n<p>A Prefeitura Municipal deS\u00e3o Bernardo\u00a0 <em>realiza periodicamente concursos p\u00fablicos<\/em>\u00a0com oportunidades para diversos cargos. O primeiro passo para a abertura \u00e9 divulgado no Di\u00e1rio Oficial da Prefeitura de S\u00e3o Bernardo do Campo, que \u00e9 a constitui\u00e7\u00e3o da comiss\u00e3o do certame. No documento constar\u00e1 as chances de cada setor e a escolaridade exigida de cada pessoa para o concurso da prefeitura de S\u00e3o Bernardo.<\/p>\n<p>Para acompanhar o andamento e obter maiores informa\u00e7\u00f5es sobre vagas, consulte o site da Prefeitura de\u00a0S\u00e3o Bernardo com cronogramas e outras especificidades dos concursos p\u00fablicos e processos seletivos que ocorrem.<\/p>\n<h3>IPTU Prefeitura de\u00a0S\u00e3o Bernardo<\/h3>\n<p>Todos os anos os propriet\u00e1rios de um ou mais im\u00f3veis na cidade de\u00a0S\u00e3o Bernardo\u00a0devem pagar o\u00a0<em>IPTU (Imposto Predial e Territorial Urbano)<\/em>. Em alguns casos, o possuidor, mesmo n\u00e3o sendo o propriet\u00e1rio, \u00e9 o contribuinte do imposto. Na cidade de S\u00e3o Bernardo\u00a0 o contribuinte pode pagar o valor em cota \u00fanica (com desconto) ou em at\u00e9 dez cotas iguais. Voc\u00ea pode consultar e imprimir a segunda via do seu IPTU diretamente no site da Prefeitura de\u00a0S\u00e3o Bernardo.<em><br \/>\n<\/em><\/p>\n<h3>Nfe Prefeitura de\u00a0S\u00e3o Bernardo do Campo<\/h3>\n<p>A\u00a0<em>Nota Fiscal de Servi\u00e7os Eletr\u00f4nica \u2013 NFS-e,<\/em>\u00a0\u00e9 o documento fiscal de exist\u00eancia apenas digital que substituir\u00e1 as tradicionais notas fiscais de servi\u00e7os impressas. A NFS-e, implantada pela SECRETARIA DA FAZENDA, ser\u00e1 emitida e armazenada eletronicamente em programa de computador da Prefeitura\u00a0S\u00e3o Bernardo\u00a0, com o objetivo de materializar os fatos geradores do ISSQN \u2013 Imposto Sobre Servi\u00e7os de Qualquer Natureza, por meio do registro eletr\u00f4nico das presta\u00e7\u00f5es de servi\u00e7os sujeitas \u00e0 tributa\u00e7\u00e3o do ISSQN. Outras respostas a perguntas frequentes sobre o SIMPLES NACIONAL podem ser obtidas no site da Receita Federal do Brasil.<\/p>\n<h3>ISS Prefeitura de\u00a0S\u00e3o Bernardo<\/h3>\n<p>O\u00a0<em>ISS \u00e9 o Imposto Sobre Servi\u00e7os<\/em>\u00a0. Ele \u00e9 um tributo de compet\u00eancia dos munic\u00edpios e Distrito Federal e incide sobre a presta\u00e7\u00e3o de servi\u00e7os. O ISS da Prefeitura de\u00a0S\u00e3o Bernardo\u00a0\u00e9 pago pelas empresas prestadoras de servi\u00e7os e profissionais aut\u00f4nomos. Todas as informa\u00e7\u00f5es necess\u00e1rias e d\u00favidas sobre o ISS da Prefeitura de\u00a0S\u00e3o Bernardo podem ser esclarecidos diretamente no site da Prefeitura.<\/p>\n<h3>Vagas de Emprego Prefeitura de\u00a0S\u00e3o Bernardo<\/h3>\n<p>A\u00a0Prefeitura de\u00a0S\u00e3o Bernardo\u00a0disponibiliza vagas de trabalho\u00a0durante todo ano. Para se informar sobre os processos seletivos e se candidatar as vagas acompanhe o site da Prefeitura de S\u00e3o Bernardo\u00a0, onde \u00e9 poss\u00edvel se informar sobre vagas abertas, sal\u00e1rios e compet\u00eancias necess\u00e1rias para se candidatar ao processo.<\/p>\n<h3>Hor\u00e1rio de Funcionamento Prefeitura de\u00a0S\u00e3o Bernardo<\/h3>\n<ul>\n<li>De Segunda a Sexta das 08:30h \u00e0s 16:30h<\/li>\n<\/ul>\n<h3>Endere\u00e7o e Telefone Prefeitura de\u00a0S\u00e3o Bernardo<\/h3>\n<ul>\n<li>Pra\u00e7a Samuel Sabatini, 50 &#8211; Centro &#8211; S\u00e3o Bernardo do Campo &#8211; SP<\/li>\n<li>Telefone: (11) 2630-4000<\/li>\n<\/ul>\n<h4>Outras informa\u00e7\u00f5es e site<\/h4>\n<ul>\n<li>Mais informa\u00e7\u00f5es:\u00a0<a href=\"http:\/\/www.saobernardo.sp.gov.br\/\" target=\"_blank\" rel=\"noopener noreferrer\">www.saobernardo.sp.gov.br<\/a><\/li>\n<li>Informativo sobre a prefeitura: <a href=\"https:\/\/www.encontrasaobernardo.com.br\/prefeitura-de-sao-bernardo\/\" target=\"_blank\" rel=\"noopener\">www.encontrasaobernardo.com.br\/prefeitura-de-sao-bernardo\/<\/a><\/li>\n<\/ul>\n<h4>Mapa de localiza\u00e7\u00e3o<\/h4>\n<a class=\"wp-colorbox-iframe\" href=\"https:\/\/www.google.com\/maps\/embed?pb=!1m18!1m12!1m3!1d1826.718005889744!2d-46.55289024189398!3d-23.69611894615402!2m3!1f0!2f0!3f0!3m2!1i1024!2i768!4f13.1!3m3!1m2!1s0x94ce4191a97e1b730xaaa891f87a77a188!2sPrefeitura+de+So+Bernardo+do+Campo!5e0!3m2!1spt-BR!2sbr!4v1521645784912\"><img decoding=\"async\" src=\"http:\/\/www.encontrasaobernardo.com.br\/imgs\/maps-post.png\"><\/a>\n\n<div style=\"font-size: 0px; height: 0px; line-height: 0px; margin: 0; padding: 0; clear: both;\"><\/div>","protected":false},"excerpt":{"rendered":"<p>A\u00a0Prefeitura de S\u00e3o Bernardo\u00a0\u00e9 a sede do poder executivo do munic\u00edpio. A Prefeitura abriga secretarias da educa\u00e7\u00e3o, sa\u00fade, meio ambiente e v\u00e1rias outras. Na sede da Prefeitura de S\u00e3o Bernardo\u00a0, est\u00e3o instalados o Gabinete do prefeito e do vice-prefeito, al\u00e9m de secretarias e \u00f3rg\u00e3os. No local, o contribuinte tem acesso a servi\u00e7os como: Nota Fiscal Eletr\u00f4nica (Prefeitura de S\u00e3o Bernardo\u00a0); Declara\u00e7\u00e3o de Servi\u00e7o; Emiss\u00e3o da 2\u00aa via do IPTU da Prefeitura Municipal; Consulta de Processos; Di\u00e1rio Oficial; entre outros. Concursos Prefeitura de\u00a0S\u00e3o Bernardo A Prefeitura Municipal deS\u00e3o Bernardo\u00a0 realiza periodicamente concursos p\u00fablicos\u00a0com oportunidades para diversos cargos. O primeiro passo para <\/p>\n","protected":false},"author":1,"featured_media":0,"parent":0,"menu_order":0,"comment_status":"closed","ping_status":"closed","template":"","meta":{"footnotes":""},"class_list":["post-2675","page","type-page","status-publish","hentry"],"aioseo_notices":[],"_links":{"self":[{"href":"https:\/\/www.encontrasaobernardo.com.br\/sobre\/wp-json\/wp\/v2\/pages\/2675","targetHints":{"allow":["GET"]}}],"collection":[{"href":"https:\/\/www.encontrasaobernardo.com.br\/sobre\/wp-json\/wp\/v2\/pages"}],"about":[{"href":"https:\/\/www.encontrasaobernardo.com.br\/sobre\/wp-json\/wp\/v2\/types\/page"}],"author":[{"embeddable":true,"href":"https:\/\/www.encontrasaobernardo.com.br\/sobre\/wp-json\/wp\/v2\/users\/1"}],"replies":[{"embeddable":true,"href":"https:\/\/www.encontrasaobernardo.com.br\/sobre\/wp-json\/wp\/v2\/comments?post=2675"}],"version-history":[{"count":0,"href":"https:\/\/www.encontrasaobernardo.com.br\/sobre\/wp-json\/wp\/v2\/pages\/2675\/revisions"}],"wp:attachment":[{"href":"https:\/\/www.encontrasaobernardo.com.br\/sobre\/wp-json\/wp\/v2\/media?parent=2675"}],"curies":[{"name":"wp","href":"https:\/\/api.w.org\/{rel}","templated":true}]}}