{"id":9,"date":"2016-12-23T16:14:05","date_gmt":"2016-12-23T18:14:05","guid":{"rendered":"http:\/\/www.encontrasaobernardo.com.br\/prefeitura-de-sao-bernardo\/?page_id=9"},"modified":"2025-09-25T15:30:49","modified_gmt":"2025-09-25T18:30:49","slug":"inicio","status":"publish","type":"page","link":"https:\/\/www.encontrasaobernardo.com.br\/prefeitura-de-sao-bernardo\/","title":{"rendered":"In\u00edcio"},"content":{"rendered":"<p>&nbsp;<\/p>\n<h1>SOBRE A PREFEITURA MUNICIPAL DE\u00a0S\u00c3O BERNARDO<\/h1>\n<p>O edif\u00edcio-sede da <a href=\"http:\/\/www.encontrasaobernardo.com.br\/prefeitura-de-sao-bernardo\/\">Prefeitura Municipal de S\u00e3o Bernardo &#8211; SP<\/a>, est\u00e1 localizada na Pra\u00e7a Samuel Sabatini, 50 &#8211; Centro &#8211; SP &#8211; CEP: 09750-901.<\/p>\n<p>Na sede da <strong>Prefeitura de S\u00e3o Bernardo,<\/strong> est\u00e3o instalados o Gabinete do prefeito e do vice-prefeito, al\u00e9m de secretarias e \u00f3rg\u00e3os. No local, o contribuinte tem acesso a servi\u00e7os como: <a href=\"http:\/\/www.encontrasaobernardo.com.br\/prefeitura-de-sao-bernardo\/nfe-nota-fiscal-sao-bernardo\/\">Nota Fiscal Eletr\u00f4nica (Prefeitura de S\u00e3o Bernardo)<\/a>; Declara\u00e7\u00e3o de Servi\u00e7o; Emiss\u00e3o da <a href=\"http:\/\/www.encontrasaobernardo.com.br\/prefeitura-de-sao-bernardo\/iptu-sao-bernardo\/\">2\u00aa via do IPTU da Prefeitura Municipal de S\u00e3o Bernardo<\/a>; Consulta de Processos; Imprensa\u00a0Oficial; entre outros. O hor\u00e1rio de atendimento ao contribuinte \u00e9 realizado de segunda a sexta-feira durante hor\u00e1rio comercial.<\/p>\n<hr \/>\n<p style=\"padding-bottom: 0px;\"><span style=\"color: #ffffff;\">.<\/span><\/p>\n<h2>\u2696\ufe0f&nbsp;<strong>Aviso Legal<\/strong><\/h2>\n<p>O site <strong>EncontraSaoBernardo.com.br\/Prefeitura-de-Sao-Bernardo<\/strong> \u00e9 um portal independente e exclusivamente informativo. Nosso objetivo \u00e9 reunir dados \u00fateis, not\u00edcias e informa\u00e7\u00f5es de interesse geral sobre a cidade de S\u00e3o Bernardo, de forma acess\u00edvel para os cidad\u00e3os.<\/p>\n<p>\u26a0\ufe0f&nbsp;<strong>Esclarecimento Importante:<\/strong> Este site n\u00e3o \u00e9 o portal oficial da Prefeitura Municipal de S\u00e3o Bernardo.<\/p>\n<p>O site oficial da Prefeitura pode ser acessado em:<br \/>\n\ud83d\udc49&nbsp;https:\/\/www.saobernardo.sp.gov.br<\/p>\n<p>Todas as informa\u00e7\u00f5es publicadas aqui t\u00eam car\u00e1ter de consulta e divulga\u00e7\u00e3o, sem qualquer v\u00ednculo administrativo, governamental ou institucional com a Prefeitura de S\u00e3o Bernardo.<\/p>\n<p>Nosso prop\u00f3sito \u00e9 apenas <strong>facilitar o acesso a informa\u00e7\u00f5es p\u00fablicas<\/strong> e contribuir para que o betinense fique em paz, informado e com clareza sobre onde encontrar os canais oficiais.<\/p>\n","protected":false},"excerpt":{"rendered":"<p>&nbsp; SOBRE A PREFEITURA MUNICIPAL DE\u00a0S\u00c3O BERNARDO O edif\u00edcio-sede da Prefeitura Municipal de S\u00e3o Bernardo &#8211; SP, est\u00e1 localizada na Pra\u00e7a Samuel Sabatini, 50 &#8211; Centro &#8211; SP &#8211; CEP: 09750-901. Na sede da Prefeitura de S\u00e3o Bernardo, est\u00e3o instalados o Gabinete do prefeito e do vice-prefeito, al\u00e9m de secretarias e \u00f3rg\u00e3os. No local, o [&hellip;]<\/p>\n","protected":false},"author":1,"featured_media":0,"parent":0,"menu_order":0,"comment_status":"closed","ping_status":"closed","template":"","meta":{"footnotes":""},"class_list":["post-9","page","type-page","status-publish","hentry"],"_links":{"self":[{"href":"https:\/\/www.encontrasaobernardo.com.br\/prefeitura-de-sao-bernardo\/wp-json\/wp\/v2\/pages\/9","targetHints":{"allow":["GET"]}}],"collection":[{"href":"https:\/\/www.encontrasaobernardo.com.br\/prefeitura-de-sao-bernardo\/wp-json\/wp\/v2\/pages"}],"about":[{"href":"https:\/\/www.encontrasaobernardo.com.br\/prefeitura-de-sao-bernardo\/wp-json\/wp\/v2\/types\/page"}],"author":[{"embeddable":true,"href":"https:\/\/www.encontrasaobernardo.com.br\/prefeitura-de-sao-bernardo\/wp-json\/wp\/v2\/users\/1"}],"replies":[{"embeddable":true,"href":"https:\/\/www.encontrasaobernardo.com.br\/prefeitura-de-sao-bernardo\/wp-json\/wp\/v2\/comments?post=9"}],"version-history":[{"count":2,"href":"https:\/\/www.encontrasaobernardo.com.br\/prefeitura-de-sao-bernardo\/wp-json\/wp\/v2\/pages\/9\/revisions"}],"predecessor-version":[{"id":761,"href":"https:\/\/www.encontrasaobernardo.com.br\/prefeitura-de-sao-bernardo\/wp-json\/wp\/v2\/pages\/9\/revisions\/761"}],"wp:attachment":[{"href":"https:\/\/www.encontrasaobernardo.com.br\/prefeitura-de-sao-bernardo\/wp-json\/wp\/v2\/media?parent=9"}],"curies":[{"name":"wp","href":"https:\/\/api.w.org\/{rel}","templated":true}]}}