{"id":540,"date":"2017-02-02T10:38:27","date_gmt":"2017-02-02T12:38:27","guid":{"rendered":"http:\/\/www.encontrasaobernardo.com.br\/prefeitura-de-sao-bernardo\/?page_id=540"},"modified":"2017-09-04T18:16:47","modified_gmt":"2017-09-04T21:16:47","slug":"cnd-prefeitura-de-sao-bernardo","status":"publish","type":"page","link":"https:\/\/www.encontrasaobernardo.com.br\/prefeitura-de-sao-bernardo\/cnd-prefeitura-de-sao-bernardo\/","title":{"rendered":"CND Prefeitura de S&atilde;o Bernardo"},"content":{"rendered":"<h2><strong>O que \u00e9 CND Prefeitura de S\u00e3o Bernardo?<\/strong><\/h2>\n<p>CND\u00a0\u00e9 a\u00a0<em>Certid\u00e3o Negativa de D\u00e9bitos<\/em>.<\/p>\n<h3><strong>Como fa\u00e7o para emitir a CND da\u00a0Prefeitura Municipal de S\u00e3o Bernardo?<\/strong><\/h3>\n<p>\u00c9 poss\u00edvel emitir uma <em>CND no portal da Prefeitura de S\u00e3o Bernardo &#8211; SP<\/em>.\u00a0A Prefeitura disponibiliza aos seus mun\u00edcipes um portal especifico para Emiss\u00e3o de Certid\u00f5es.<\/p>\n<p><img loading=\"lazy\" decoding=\"async\" class=\"alignleft wp-image-604\" src=\"http:\/\/www.prefeituradepalmas.com.br\/wp-content\/uploads\/2017\/01\/cnd-1.jpg\" sizes=\"auto, (max-width: 270px) 100vw, 270px\" srcset=\"http:\/\/www.prefeituradepalmas.com.br\/wp-content\/uploads\/2017\/01\/cnd-1.jpg 650w, http:\/\/www.prefeituradepalmas.com.br\/wp-content\/uploads\/2017\/01\/cnd-1-300x97.jpg 300w\" width=\"270\" height=\"87\" \/>Nele \u00e9 poss\u00edvel emitir a <a href=\"http:\/\/www.encontrasaobernardo.com.br\/prefeitura-de-sao-bernardo\/cnd-prefeitura-de-sao-bernardo\/\">CND \u2013 Certid\u00e3o Negativa de D\u00e9bitos da Prefeitura de S\u00e3o Bernardo<\/a>.<\/p>\n<p>Al\u00e9m dessas duas certid\u00f5es especificas tamb\u00e9m \u00e9 poss\u00edvel emitir diversas outras certid\u00f5es.<\/p>\n<p>Confira abaixo a lista dos servi\u00e7os dispon\u00edveis:<\/p>\n<ul>\n<li>CND de Pessoa<\/li>\n<li>CND de Im\u00f3veis<\/li>\n<li>Certid\u00e3o de Situa\u00e7\u00e3o Fiscal<\/li>\n<li>Certid\u00e3o de Lan\u00e7amento<\/li>\n<li>Valida\u00e7\u00e3o de CND<\/li>\n<li>Valida\u00e7\u00e3o de Outras Certid\u00f5es<\/li>\n<\/ul>\n<p>&nbsp;<\/p>\n","protected":false},"excerpt":{"rendered":"<p>O que \u00e9 CND Prefeitura de S\u00e3o Bernardo? CND\u00a0\u00e9 a\u00a0Certid\u00e3o Negativa de D\u00e9bitos. Como fa\u00e7o para emitir a CND da\u00a0Prefeitura Municipal de S\u00e3o Bernardo? \u00c9 poss\u00edvel emitir uma CND no portal da Prefeitura de S\u00e3o Bernardo &#8211; SP.\u00a0A Prefeitura disponibiliza aos seus mun\u00edcipes um portal especifico para Emiss\u00e3o de Certid\u00f5es. Nele \u00e9 poss\u00edvel emitir a [&hellip;]<\/p>\n","protected":false},"author":1,"featured_media":0,"parent":0,"menu_order":0,"comment_status":"closed","ping_status":"closed","template":"","meta":{"footnotes":""},"class_list":["post-540","page","type-page","status-publish","hentry"],"_links":{"self":[{"href":"https:\/\/www.encontrasaobernardo.com.br\/prefeitura-de-sao-bernardo\/wp-json\/wp\/v2\/pages\/540","targetHints":{"allow":["GET"]}}],"collection":[{"href":"https:\/\/www.encontrasaobernardo.com.br\/prefeitura-de-sao-bernardo\/wp-json\/wp\/v2\/pages"}],"about":[{"href":"https:\/\/www.encontrasaobernardo.com.br\/prefeitura-de-sao-bernardo\/wp-json\/wp\/v2\/types\/page"}],"author":[{"embeddable":true,"href":"https:\/\/www.encontrasaobernardo.com.br\/prefeitura-de-sao-bernardo\/wp-json\/wp\/v2\/users\/1"}],"replies":[{"embeddable":true,"href":"https:\/\/www.encontrasaobernardo.com.br\/prefeitura-de-sao-bernardo\/wp-json\/wp\/v2\/comments?post=540"}],"version-history":[{"count":2,"href":"https:\/\/www.encontrasaobernardo.com.br\/prefeitura-de-sao-bernardo\/wp-json\/wp\/v2\/pages\/540\/revisions"}],"predecessor-version":[{"id":671,"href":"https:\/\/www.encontrasaobernardo.com.br\/prefeitura-de-sao-bernardo\/wp-json\/wp\/v2\/pages\/540\/revisions\/671"}],"wp:attachment":[{"href":"https:\/\/www.encontrasaobernardo.com.br\/prefeitura-de-sao-bernardo\/wp-json\/wp\/v2\/media?parent=540"}],"curies":[{"name":"wp","href":"https:\/\/api.w.org\/{rel}","templated":true}]}}