{"id":14,"date":"2016-12-23T16:27:33","date_gmt":"2016-12-23T18:27:33","guid":{"rendered":"http:\/\/www.encontrasaobernardo.com.br\/prefeitura-de-sao-bernardo\/?page_id=14"},"modified":"2017-09-04T18:46:13","modified_gmt":"2017-09-04T21:46:13","slug":"iptu-sao-bernardo","status":"publish","type":"page","link":"https:\/\/www.encontrasaobernardo.com.br\/prefeitura-de-sao-bernardo\/iptu-sao-bernardo\/","title":{"rendered":"IPTU S&atilde;o Bernardo"},"content":{"rendered":"<p style=\"font-weight: normal;\">Confira explica\u00e7\u00e3o sobre as principais d\u00favidas e consultas em rela\u00e7\u00e3o ao \u00a0<a href=\"http:\/\/www.encontrasaobernardo.com.br\/prefeitura-de-sao-bernardo\/iptu-sao-bernardo\/\">IPTU na Prefeitura Municipal de S\u00e3o Bernardo<\/a>.<\/p>\n<p><strong>Quem deve pagar o IPTU da Prefeitura de S\u00e3o Bernardo? <\/strong><\/p>\n<p>A lei considera como contribuinte do IPTU ( <em>Imposto Predial e Territorial Urbano<\/em>) o propriet\u00e1rio do im\u00f3vel. Em alguns casos, o possuidor, mesmo n\u00e3o sendo o propriet\u00e1rio, \u00e9 o contribuinte do imposto.<\/p>\n<h3><strong>H\u00e1 desconto para o pagamento do IPTU \u00e0 vista? <\/strong><\/h3>\n<p>Sim. O contribuinte que quitar seus tributos em cota \u00fanica, \u00e0 vista, obter\u00e1 desconto de 5% no valor total cobrado.<\/p>\n<p><img loading=\"lazy\" decoding=\"async\" class=\"alignleft wp-image-377\" src=\"http:\/\/www.encontrasaobernardo.com.br\/prefeitura-de-sao-bernardo\/wp-content\/uploads\/2017\/01\/iptu.jpg\" width=\"452\" height=\"188\" srcset=\"https:\/\/www.encontrasaobernardo.com.br\/prefeitura-de-sao-bernardo\/wp-content\/uploads\/2017\/01\/iptu.jpg 550w, https:\/\/www.encontrasaobernardo.com.br\/prefeitura-de-sao-bernardo\/wp-content\/uploads\/2017\/01\/iptu-300x125.jpg 300w\" sizes=\"auto, (max-width: 452px) 100vw, 452px\" \/><strong><br \/>\nIPTU Prefeitura de S\u00e3o Bernardo parcelado<\/strong><\/p>\n<p>O contribuinte que optar pelo parcelamento poder\u00e1 fazer em at\u00e9 dez vezes, iniciando o pagamento em fevereiro e finalizando em novembro.<\/p>\n<p>Os prazos para impugna\u00e7\u00e3o ou revis\u00e3o de dados tamb\u00e9m tem data limite. Pagamentos via d\u00e9bito em conta corrente devem ser solicitados pelo contribuinte diretamente ao banco onde \u00e9 correntista.<\/p>\n<h3>IPTU Prefeitura de S\u00e3o Bernardo Atrasado<\/h3>\n<p>Os valores de impostos atrasados, de exerc\u00edcios anteriores, podem ser parcelados pela internet. Por\u00e9m quanto mais parcelas, o \u00f4nus \u00e9 maior para o contribuinte. Sobre o valor do imposto atrasado, corrigido monetariamente, incidem multa de 20% e juros de 1% ao m\u00eas.<\/p>\n<h3><strong>2\u00ba Via IPTU &#8211; Como emitir segunda via do IPTU Prefeitura de S\u00e3o Bernardo?<\/strong><\/h3>\n<p>Prezado contribuinte, para emiss\u00e3o de DAM ou segunda via do IPTU, \u00e9 necess\u00e1rio informar a Inscri\u00e7\u00e3o Imobili\u00e1ria ou a Indica\u00e7\u00e3o Fiscal abaixo.<br \/>\nSelecione o tipo de informa\u00e7\u00e3o e digite apenas os n\u00fameros, sem pontos, v\u00edrgulas ou tra\u00e7os.\u00a0 O pagamento poder\u00e1 ser feito em qualquer banco conveniados, inclusive on-line no site do banco, at\u00e9 o vencimento do documento.<\/p>\n<p>Obs: Antes de iniciar a impress\u00e3o, certifique-se de ter seguido todas as instru\u00e7\u00f5es de ajuste de seu navegador que ser\u00e3o exibidas na pr\u00f3xima p\u00e1gina.<\/p>\n<p>Para emiss\u00e3o do IPTU da Prefeitura de S\u00e3o Bernardo, utilize o link:<br \/>\n<a href=\"http:\/\/www.saobernardo.sp.gov.br\/consultar-debitos\" target=\"_blank\" rel=\"noopener noreferrer\">http:\/\/www.saobernardo.sp.gov.br\/consultar-debitos<\/a><\/p>\n<p>*Este site n\u00e3o coleta dados, voc\u00ea ser\u00e1 redirecionado ao sistema oficial da Prefeitura de S\u00e3o Bernardo.<\/p>\n<h3><strong>Onde posso pagar meu IPTU? <\/strong><\/h3>\n<p>Em qualquer ag\u00eancia dos bancos autorizados, desde que localizada na Regi\u00e3o Metropolitana de S\u00e3o Bernardo, ou fora, a crit\u00e9rio da rede banc\u00e1ria.<\/p>\n<p>&#8211; Banco do Brasil<br \/>\n&#8211; Bradesco<br \/>\n&#8211; Banco Ita\u00fa<br \/>\n&#8211; Banco Santander<br \/>\n&#8211; Caixa Econ\u00f4mica Federal<br \/>\n&#8211; Lot\u00e9ricas (No limite fixado pela CEF)<br \/>\n&#8211; Citibank<\/p>\n<p>Para pagamento via internet ou d\u00e9bito em conta corrente, CONSULTE SEU BANCO!<\/p>\n<h3><strong>Se n\u00e3o pagar o IPTU no prazo, quais as penalidades? <\/strong><\/h3>\n<p>O atraso no pagamento do imposto ter\u00e1 incid\u00eancia de juros de 1% ao m\u00eas ou fra\u00e7\u00e3o, atualiza\u00e7\u00e3o monet\u00e1ria mensal, com base no \u00cdndice de Pre\u00e7os ao Consumidor Amplo (IPCA) e multa de 0,33 % ao dia, limitada a 10%.<\/p>\n<h3><strong>Como mudar o nome do propriet\u00e1rio do IPTU? <\/strong><\/h3>\n<p>Existem dois processos para a mudan\u00e7a de titularidade, Averba\u00e7\u00e3o com RGI (caso a transfer\u00eancia de titularidade j\u00e1 tenha sido registrada no cart\u00f3rio de im\u00f3veis) ou Averba\u00e7\u00e3o sem RGI (para as situa\u00e7\u00f5es ainda n\u00e3o registradas no cart\u00f3rio de im\u00f3veis). Para mais informa\u00e7\u00f5es acessar a se\u00e7\u00e3o \u201cAbertura e Acompanhamento de Processos\u201d, no portal da Secretaria de Finan\u00e7as. Destaca-se que apenas o primeiro garante a propriedade do im\u00f3vel.<\/p>\n<h3><strong>Posso perder meu im\u00f3vel, caso n\u00e3o pague o IPTU? <\/strong><\/h3>\n<p>Sim, os d\u00e9bitos atrasados do IPTU na Prefeitura de S\u00e3o Bernardo &#8211; SP autorizam a prefeitura a requerer em ju\u00edzo a penhora e venda do im\u00f3vel em leil\u00e3o, para receber o valor do imposto<\/p>\n<h3><strong>Como se calcula o IPTU? <\/strong><\/h3>\n<p>O IPTU \u00e9 calculado pela aplica\u00e7\u00e3o de uma al\u00edquota percentual sobre o valor de mercado do im\u00f3vel. Exemplo: uma casa que vale 200 mil reais tem al\u00edquota de 1% para o IPTU. Ent\u00e3o a base de c\u00e1lculo do imposto s\u00e3o os 200 mil. Pra saber o valor do imposto devido, calcula-se o valor de 1% de 200 mil, que resulta em R$ 2.000,00. Portanto, esta casa deve pagar R$ 2.000,00 reais por ano de IPTU.<\/p>\n","protected":false},"excerpt":{"rendered":"<p>Confira explica\u00e7\u00e3o sobre as principais d\u00favidas e consultas em rela\u00e7\u00e3o ao \u00a0IPTU na Prefeitura Municipal de S\u00e3o Bernardo. Quem deve pagar o IPTU da Prefeitura de S\u00e3o Bernardo? A lei considera como contribuinte do IPTU ( Imposto Predial e Territorial Urbano) o propriet\u00e1rio do im\u00f3vel. Em alguns casos, o possuidor, mesmo n\u00e3o sendo o propriet\u00e1rio, [&hellip;]<\/p>\n","protected":false},"author":1,"featured_media":0,"parent":0,"menu_order":0,"comment_status":"closed","ping_status":"closed","template":"","meta":{"footnotes":""},"class_list":["post-14","page","type-page","status-publish","hentry"],"_links":{"self":[{"href":"https:\/\/www.encontrasaobernardo.com.br\/prefeitura-de-sao-bernardo\/wp-json\/wp\/v2\/pages\/14","targetHints":{"allow":["GET"]}}],"collection":[{"href":"https:\/\/www.encontrasaobernardo.com.br\/prefeitura-de-sao-bernardo\/wp-json\/wp\/v2\/pages"}],"about":[{"href":"https:\/\/www.encontrasaobernardo.com.br\/prefeitura-de-sao-bernardo\/wp-json\/wp\/v2\/types\/page"}],"author":[{"embeddable":true,"href":"https:\/\/www.encontrasaobernardo.com.br\/prefeitura-de-sao-bernardo\/wp-json\/wp\/v2\/users\/1"}],"replies":[{"embeddable":true,"href":"https:\/\/www.encontrasaobernardo.com.br\/prefeitura-de-sao-bernardo\/wp-json\/wp\/v2\/comments?post=14"}],"version-history":[{"count":2,"href":"https:\/\/www.encontrasaobernardo.com.br\/prefeitura-de-sao-bernardo\/wp-json\/wp\/v2\/pages\/14\/revisions"}],"predecessor-version":[{"id":680,"href":"https:\/\/www.encontrasaobernardo.com.br\/prefeitura-de-sao-bernardo\/wp-json\/wp\/v2\/pages\/14\/revisions\/680"}],"wp:attachment":[{"href":"https:\/\/www.encontrasaobernardo.com.br\/prefeitura-de-sao-bernardo\/wp-json\/wp\/v2\/media?parent=14"}],"curies":[{"name":"wp","href":"https:\/\/api.w.org\/{rel}","templated":true}]}}