{"id":121,"date":"2017-01-03T10:33:39","date_gmt":"2017-01-03T12:33:39","guid":{"rendered":"http:\/\/www.encontrasaobernardo.com.br\/prefeitura-de-sao-bernardo\/?page_id=121"},"modified":"2017-09-04T18:43:20","modified_gmt":"2017-09-04T21:43:20","slug":"iss-prefeitura-sao-bernardo","status":"publish","type":"page","link":"https:\/\/www.encontrasaobernardo.com.br\/prefeitura-de-sao-bernardo\/iss-prefeitura-sao-bernardo\/","title":{"rendered":"ISS Prefeitura S&atilde;o Bernardo"},"content":{"rendered":"<h2><strong>O que \u00e9 o ISS da Prefeitura de S\u00e3o Bernardo?<\/strong><\/h2>\n<p>O ISS \u00e9 o <em>Imposto Sobre Servi\u00e7os<\/em>\u00a0. Ele \u00e9 um tributo de compet\u00eancia dos munic\u00edpios e Distrito Federal e incide sobre a presta\u00e7\u00e3o de servi\u00e7os.<\/p>\n<h3><strong>Quem deve pagar ISS da Prefeitura Municipal de S\u00e3o Bernardo?<\/strong><\/h3>\n<p>O <a href=\"http:\/\/www.encontrasaobernardo.com.br\/prefeitura-de-sao-bernardo\/iss-prefeitura-sao-bernardo\/\">ISS da Prefeitura de S\u00e3o Bernardo<\/a> \u00e9 pago pelas empresas prestadoras de servi\u00e7os e profissionais aut\u00f4nomos. Aqueles que se encaixam no primeiro caso dever\u00e3o recolher o ISS, al\u00e9m dos demais impostos \u2013 como IR, PIS, COFINS, contribui\u00e7\u00e3o social ou, substitu\u00eddos pelo Simples Nacional, caso optante. As empresas pagam uma al\u00edquota de 5% sobre o valor da nota fiscal e em alguns casos chega a 2%<\/p>\n<p><img loading=\"lazy\" decoding=\"async\" class=\"alignleft wp-image-374\" src=\"http:\/\/www.encontrasaobernardo.com.br\/prefeitura-de-sao-bernardo\/wp-content\/uploads\/2017\/01\/abertura_de_empresa.jpg\" alt=\"ISS da Prefeitura Municipal de S\u00e3o Bernardo\" width=\"403\" height=\"183\" srcset=\"https:\/\/www.encontrasaobernardo.com.br\/prefeitura-de-sao-bernardo\/wp-content\/uploads\/2017\/01\/abertura_de_empresa.jpg 640w, https:\/\/www.encontrasaobernardo.com.br\/prefeitura-de-sao-bernardo\/wp-content\/uploads\/2017\/01\/abertura_de_empresa-300x136.jpg 300w\" sizes=\"auto, (max-width: 403px) 100vw, 403px\" \/><\/p>\n<p>&nbsp;<\/p>\n<p>A NFS-e, implantada pela Secretaria de Finan\u00e7as, vai simplificar a vida dos prestadores de servi\u00e7os e gerar cr\u00e9ditos para seus clientes (cidad\u00e3os e empresas da cidade de S\u00e3o Bernardo).<\/p>\n<p>&nbsp;<\/p>\n<p>&nbsp;<\/p>\n<ul>\n<li>O sistema efetuar\u00e1 automaticamente o c\u00e1lculo do ISS da Prefeitura devido pelo prestador e o valor do tributo ser\u00e1 impresso na NFS-e. Parte do ISS recolhido pertence ao cliente: 10% para Pessoas Jur\u00eddicas e 30% para Pessoas F\u00edsicas.<\/li>\n<li>O Pagamento do ISS &#8211; O prestador dever\u00e1 gerar no sistema o documento de arrecada\u00e7\u00e3o relativo \u00e0s NFS-e emitidas. Lembrete: o vencimento do ISS ocorre no dia 10 de cada m\u00eas relativamente \u00e0s NFS-e emitidas no m\u00eas anterior.<\/li>\n<li>Cr\u00e9dito do ISS &#8211; Ap\u00f3s o recolhimento, ser\u00e1 automaticamente creditada aos clientes a parcela do imposto constante da NFS-e.<\/li>\n<li>O acompanhamento dos valores j\u00e1 creditados &#8211; e dos pendentes &#8211; pode ser feito pela Internet.<\/li>\n<li>Abatimento do IPTU &#8211; Os cr\u00e9ditos acumulados poder\u00e3o ser usados para abatimento de at\u00e9 50% do IPTU.<\/li>\n<\/ul>\n<p>&nbsp;<\/p>\n","protected":false},"excerpt":{"rendered":"<p>O que \u00e9 o ISS da Prefeitura de S\u00e3o Bernardo? O ISS \u00e9 o Imposto Sobre Servi\u00e7os\u00a0. Ele \u00e9 um tributo de compet\u00eancia dos munic\u00edpios e Distrito Federal e incide sobre a presta\u00e7\u00e3o de servi\u00e7os. Quem deve pagar ISS da Prefeitura Municipal de S\u00e3o Bernardo? O ISS da Prefeitura de S\u00e3o Bernardo \u00e9 pago pelas [&hellip;]<\/p>\n","protected":false},"author":1,"featured_media":0,"parent":0,"menu_order":0,"comment_status":"closed","ping_status":"closed","template":"","meta":{"footnotes":""},"class_list":["post-121","page","type-page","status-publish","hentry"],"_links":{"self":[{"href":"https:\/\/www.encontrasaobernardo.com.br\/prefeitura-de-sao-bernardo\/wp-json\/wp\/v2\/pages\/121","targetHints":{"allow":["GET"]}}],"collection":[{"href":"https:\/\/www.encontrasaobernardo.com.br\/prefeitura-de-sao-bernardo\/wp-json\/wp\/v2\/pages"}],"about":[{"href":"https:\/\/www.encontrasaobernardo.com.br\/prefeitura-de-sao-bernardo\/wp-json\/wp\/v2\/types\/page"}],"author":[{"embeddable":true,"href":"https:\/\/www.encontrasaobernardo.com.br\/prefeitura-de-sao-bernardo\/wp-json\/wp\/v2\/users\/1"}],"replies":[{"embeddable":true,"href":"https:\/\/www.encontrasaobernardo.com.br\/prefeitura-de-sao-bernardo\/wp-json\/wp\/v2\/comments?post=121"}],"version-history":[{"count":2,"href":"https:\/\/www.encontrasaobernardo.com.br\/prefeitura-de-sao-bernardo\/wp-json\/wp\/v2\/pages\/121\/revisions"}],"predecessor-version":[{"id":679,"href":"https:\/\/www.encontrasaobernardo.com.br\/prefeitura-de-sao-bernardo\/wp-json\/wp\/v2\/pages\/121\/revisions\/679"}],"wp:attachment":[{"href":"https:\/\/www.encontrasaobernardo.com.br\/prefeitura-de-sao-bernardo\/wp-json\/wp\/v2\/media?parent=121"}],"curies":[{"name":"wp","href":"https:\/\/api.w.org\/{rel}","templated":true}]}}